{"id":6218,"date":"2025-05-26T11:01:33","date_gmt":"2025-05-26T11:01:33","guid":{"rendered":"https:\/\/orthodoxblessings.com\/shop\/ikon-av-jesus-kristus\/"},"modified":"2025-05-26T11:01:33","modified_gmt":"2025-05-26T11:01:33","slug":"ikon-av-jesus-kristus","status":"publish","type":"product","link":"https:\/\/orthodoxblessings.com\/sv\/shop\/ikon-av-jesus-kristus\/","title":{"rendered":"Ikon av Jesus Kristus"},"content":{"rendered":"<p>Jesu Kristi ikon representerar v\u00e4rldens fr\u00e4lsare och uttrycker hans gudomliga och m\u00e4nskliga natur. Kristus avbildas som en l\u00e4rare och fr\u00e4lsare, som offrar sig sj\u00e4lv i offer och k\u00e4rlek till m\u00e4nniskosl\u00e4ktet. Denna ikon \u00e4r en symbol f\u00f6r Guds barmh\u00e4rtighet och k\u00e4rlek, s\u00e5v\u00e4l som tro som leder till fr\u00e4lsning.  <\/p>\n","protected":false},"excerpt":{"rendered":"<p>Jesu Kristi ikon representerar v\u00e4rldens fr\u00e4lsare och uttrycker hans gudomliga och m\u00e4nskliga natur. Kristus avbildas som en l\u00e4rare och fr\u00e4lsare, som offrar sig sj\u00e4lv i offer och k\u00e4rlek till m\u00e4nniskosl\u00e4ktet. Denna ikon \u00e4r en symbol f\u00f6r Guds barmh\u00e4rtighet och k\u00e4rlek, s\u00e5v\u00e4l som tro som leder till fr\u00e4lsning.<\/p>\n","protected":false},"featured_media":0,"template":"","meta":{"give_campaign_id":0},"product_brand":[],"product_cat":[521],"product_tag":[],"class_list":{"0":"post-6218","1":"product","2":"type-product","3":"status-publish","5":"product_cat-ikoner-i-glasramar","7":"first","8":"outofstock","9":"purchasable","10":"product-type-simple"},"_links":{"self":[{"href":"https:\/\/orthodoxblessings.com\/sv\/wp-json\/wp\/v2\/product\/6218","targetHints":{"allow":["GET"]}}],"collection":[{"href":"https:\/\/orthodoxblessings.com\/sv\/wp-json\/wp\/v2\/product"}],"about":[{"href":"https:\/\/orthodoxblessings.com\/sv\/wp-json\/wp\/v2\/types\/product"}],"wp:attachment":[{"href":"https:\/\/orthodoxblessings.com\/sv\/wp-json\/wp\/v2\/media?parent=6218"}],"wp:term":[{"taxonomy":"product_brand","embeddable":true,"href":"https:\/\/orthodoxblessings.com\/sv\/wp-json\/wp\/v2\/product_brand?post=6218"},{"taxonomy":"product_cat","embeddable":true,"href":"https:\/\/orthodoxblessings.com\/sv\/wp-json\/wp\/v2\/product_cat?post=6218"},{"taxonomy":"product_tag","embeddable":true,"href":"https:\/\/orthodoxblessings.com\/sv\/wp-json\/wp\/v2\/product_tag?post=6218"}],"curies":[{"name":"wp","href":"https:\/\/api.w.org\/{rel}","templated":true}]}}