{"id":6217,"date":"2025-05-26T11:01:33","date_gmt":"2025-05-26T11:01:33","guid":{"rendered":"https:\/\/orthodoxblessings.com\/shop\/ikon-av-st-vasilije-ostoski\/"},"modified":"2025-05-26T11:01:33","modified_gmt":"2025-05-26T11:01:33","slug":"ikon-av-st-vasilije-ostoski","status":"publish","type":"product","link":"https:\/\/orthodoxblessings.com\/sv\/shop\/ikon-av-st-vasilije-ostoski\/","title":{"rendered":"Ikon av St. Vasilije Osto\u0161ki"},"content":{"rendered":"<p>Ikonen f\u00f6r Saint Basil av Ostrog visar detta stora helgon, som blev en symbol f\u00f6r andlig styrka och skydd med sina mirakel och mirakelverkande krafter. St Basil, k\u00e4nd f\u00f6r sin visdom och r\u00e4ttf\u00e4rdighet, lyser upp v\u00e4gen f\u00f6r troende och ger dem tr\u00f6st och v\u00e4lsignelser. Denna ikon \u00e4r l\u00e4mplig f\u00f6r andligt st\u00f6d i tider av n\u00f6d. <\/p>\n","protected":false},"excerpt":{"rendered":"<p>Ikonen f\u00f6r Saint Basil av Ostrog visar detta stora helgon, som blev en symbol f\u00f6r andlig styrka och skydd med sina mirakel och mirakelverkande krafter. St Basil, k\u00e4nd f\u00f6r sin visdom och r\u00e4ttf\u00e4rdighet, lyser upp v\u00e4gen f\u00f6r troende och ger dem tr\u00f6st och v\u00e4lsignelser. Denna ikon \u00e4r l\u00e4mplig f\u00f6r andligt st\u00f6d i tider av n\u00f6d.<\/p>\n","protected":false},"featured_media":3920,"template":"","meta":{"give_campaign_id":0},"product_brand":[],"product_cat":[521],"product_tag":[],"class_list":{"0":"post-6217","1":"product","2":"type-product","3":"status-publish","4":"has-post-thumbnail","6":"product_cat-ikoner-i-glasramar","8":"first","9":"outofstock","10":"purchasable","11":"product-type-simple"},"_links":{"self":[{"href":"https:\/\/orthodoxblessings.com\/sv\/wp-json\/wp\/v2\/product\/6217","targetHints":{"allow":["GET"]}}],"collection":[{"href":"https:\/\/orthodoxblessings.com\/sv\/wp-json\/wp\/v2\/product"}],"about":[{"href":"https:\/\/orthodoxblessings.com\/sv\/wp-json\/wp\/v2\/types\/product"}],"wp:featuredmedia":[{"embeddable":true,"href":"https:\/\/orthodoxblessings.com\/sv\/wp-json\/wp\/v2\/media\/3920"}],"wp:attachment":[{"href":"https:\/\/orthodoxblessings.com\/sv\/wp-json\/wp\/v2\/media?parent=6217"}],"wp:term":[{"taxonomy":"product_brand","embeddable":true,"href":"https:\/\/orthodoxblessings.com\/sv\/wp-json\/wp\/v2\/product_brand?post=6217"},{"taxonomy":"product_cat","embeddable":true,"href":"https:\/\/orthodoxblessings.com\/sv\/wp-json\/wp\/v2\/product_cat?post=6217"},{"taxonomy":"product_tag","embeddable":true,"href":"https:\/\/orthodoxblessings.com\/sv\/wp-json\/wp\/v2\/product_tag?post=6217"}],"curies":[{"name":"wp","href":"https:\/\/api.w.org\/{rel}","templated":true}]}}