{"id":6215,"date":"2025-05-26T11:01:33","date_gmt":"2025-05-26T11:01:33","guid":{"rendered":"https:\/\/orthodoxblessings.com\/shop\/tartbokstav-b-k\/"},"modified":"2025-09-06T08:49:02","modified_gmt":"2025-09-06T08:49:02","slug":"tartbokstav-b-k","status":"publish","type":"product","link":"https:\/\/orthodoxblessings.com\/sv\/shop\/tartbokstav-b-k\/","title":{"rendered":"T\u00e5rtbokstav b.k."},"content":{"rendered":"<p>En version av t\u00e5rtbokst\u00e4ver utan extra dekorationer, l\u00e4mplig f\u00f6r alla typer av inhemska ceremonier.<\/p>\n","protected":false},"excerpt":{"rendered":"<p>En version av t\u00e5rtbokst\u00e4ver utan extra dekorationer, l\u00e4mplig f\u00f6r alla typer av inhemska ceremonier.<\/p>\n","protected":false},"featured_media":3910,"template":"","meta":{"give_campaign_id":0},"product_brand":[],"product_cat":[558],"product_tag":[],"class_list":{"0":"post-6215","1":"product","2":"type-product","3":"status-publish","4":"has-post-thumbnail","6":"product_cat-firande-tartformar","8":"first","9":"instock","10":"purchasable","11":"product-type-simple"},"_links":{"self":[{"href":"https:\/\/orthodoxblessings.com\/sv\/wp-json\/wp\/v2\/product\/6215","targetHints":{"allow":["GET"]}}],"collection":[{"href":"https:\/\/orthodoxblessings.com\/sv\/wp-json\/wp\/v2\/product"}],"about":[{"href":"https:\/\/orthodoxblessings.com\/sv\/wp-json\/wp\/v2\/types\/product"}],"wp:featuredmedia":[{"embeddable":true,"href":"https:\/\/orthodoxblessings.com\/sv\/wp-json\/wp\/v2\/media\/3910"}],"wp:attachment":[{"href":"https:\/\/orthodoxblessings.com\/sv\/wp-json\/wp\/v2\/media?parent=6215"}],"wp:term":[{"taxonomy":"product_brand","embeddable":true,"href":"https:\/\/orthodoxblessings.com\/sv\/wp-json\/wp\/v2\/product_brand?post=6215"},{"taxonomy":"product_cat","embeddable":true,"href":"https:\/\/orthodoxblessings.com\/sv\/wp-json\/wp\/v2\/product_cat?post=6215"},{"taxonomy":"product_tag","embeddable":true,"href":"https:\/\/orthodoxblessings.com\/sv\/wp-json\/wp\/v2\/product_tag?post=6215"}],"curies":[{"name":"wp","href":"https:\/\/api.w.org\/{rel}","templated":true}]}}