{"id":6214,"date":"2025-05-26T11:01:33","date_gmt":"2025-05-26T11:01:33","guid":{"rendered":"https:\/\/orthodoxblessings.com\/shop\/tartstampel\/"},"modified":"2025-05-26T11:01:33","modified_gmt":"2025-05-26T11:01:33","slug":"tartstampel","status":"publish","type":"product","link":"https:\/\/orthodoxblessings.com\/sv\/shop\/tartstampel\/","title":{"rendered":"T\u00e5rtst\u00e4mpel"},"content":{"rendered":"<p>En detaljerad st\u00e4mpel f\u00f6r att dekorera den slaviska kakan, med exakta ortodoxa motiv.<\/p>\n","protected":false},"excerpt":{"rendered":"<p>En detaljerad st\u00e4mpel f\u00f6r att dekorera den slaviska kakan, med exakta ortodoxa motiv.<\/p>\n","protected":false},"featured_media":3906,"template":"","meta":{"give_campaign_id":0},"product_brand":[],"product_cat":[558],"product_tag":[],"class_list":{"0":"post-6214","1":"product","2":"type-product","3":"status-publish","4":"has-post-thumbnail","6":"product_cat-firande-tartformar","8":"first","9":"instock","10":"purchasable","11":"product-type-simple"},"_links":{"self":[{"href":"https:\/\/orthodoxblessings.com\/sv\/wp-json\/wp\/v2\/product\/6214","targetHints":{"allow":["GET"]}}],"collection":[{"href":"https:\/\/orthodoxblessings.com\/sv\/wp-json\/wp\/v2\/product"}],"about":[{"href":"https:\/\/orthodoxblessings.com\/sv\/wp-json\/wp\/v2\/types\/product"}],"wp:featuredmedia":[{"embeddable":true,"href":"https:\/\/orthodoxblessings.com\/sv\/wp-json\/wp\/v2\/media\/3906"}],"wp:attachment":[{"href":"https:\/\/orthodoxblessings.com\/sv\/wp-json\/wp\/v2\/media?parent=6214"}],"wp:term":[{"taxonomy":"product_brand","embeddable":true,"href":"https:\/\/orthodoxblessings.com\/sv\/wp-json\/wp\/v2\/product_brand?post=6214"},{"taxonomy":"product_cat","embeddable":true,"href":"https:\/\/orthodoxblessings.com\/sv\/wp-json\/wp\/v2\/product_cat?post=6214"},{"taxonomy":"product_tag","embeddable":true,"href":"https:\/\/orthodoxblessings.com\/sv\/wp-json\/wp\/v2\/product_tag?post=6214"}],"curies":[{"name":"wp","href":"https:\/\/api.w.org\/{rel}","templated":true}]}}