{"id":6213,"date":"2025-05-26T11:01:33","date_gmt":"2025-05-26T11:01:33","guid":{"rendered":"https:\/\/orthodoxblessings.com\/shop\/brev-for-tarta\/"},"modified":"2025-05-26T11:01:33","modified_gmt":"2025-05-26T11:01:33","slug":"brev-for-tarta","status":"publish","type":"product","link":"https:\/\/orthodoxblessings.com\/sv\/shop\/brev-for-tarta\/","title":{"rendered":"Brev f\u00f6r t\u00e5rta"},"content":{"rendered":"<p>Det traditionella brevet f\u00f6r den slaviska kakan, en symbol f\u00f6r den ortodoxa tron \u200b\u200boch traditionen.<\/p>\n","protected":false},"excerpt":{"rendered":"<p>Det traditionella brevet f\u00f6r den slaviska kakan, en symbol f\u00f6r den ortodoxa tron \u200b\u200boch traditionen.<\/p>\n","protected":false},"featured_media":3900,"template":"","meta":{"give_campaign_id":0},"product_brand":[],"product_cat":[558],"product_tag":[],"class_list":{"0":"post-6213","1":"product","2":"type-product","3":"status-publish","4":"has-post-thumbnail","6":"product_cat-firande-tartformar","8":"first","9":"instock","10":"purchasable","11":"product-type-simple"},"_links":{"self":[{"href":"https:\/\/orthodoxblessings.com\/sv\/wp-json\/wp\/v2\/product\/6213","targetHints":{"allow":["GET"]}}],"collection":[{"href":"https:\/\/orthodoxblessings.com\/sv\/wp-json\/wp\/v2\/product"}],"about":[{"href":"https:\/\/orthodoxblessings.com\/sv\/wp-json\/wp\/v2\/types\/product"}],"wp:featuredmedia":[{"embeddable":true,"href":"https:\/\/orthodoxblessings.com\/sv\/wp-json\/wp\/v2\/media\/3900"}],"wp:attachment":[{"href":"https:\/\/orthodoxblessings.com\/sv\/wp-json\/wp\/v2\/media?parent=6213"}],"wp:term":[{"taxonomy":"product_brand","embeddable":true,"href":"https:\/\/orthodoxblessings.com\/sv\/wp-json\/wp\/v2\/product_brand?post=6213"},{"taxonomy":"product_cat","embeddable":true,"href":"https:\/\/orthodoxblessings.com\/sv\/wp-json\/wp\/v2\/product_cat?post=6213"},{"taxonomy":"product_tag","embeddable":true,"href":"https:\/\/orthodoxblessings.com\/sv\/wp-json\/wp\/v2\/product_tag?post=6213"}],"curies":[{"name":"wp","href":"https:\/\/api.w.org\/{rel}","templated":true}]}}