{"id":6212,"date":"2025-05-26T11:01:33","date_gmt":"2025-05-26T11:01:33","guid":{"rendered":"https:\/\/orthodoxblessings.com\/shop\/bordslampa-med-vridet-monster\/"},"modified":"2025-05-26T11:01:33","modified_gmt":"2025-05-26T11:01:33","slug":"bordslampa-med-vridet-monster","status":"publish","type":"product","link":"https:\/\/orthodoxblessings.com\/sv\/shop\/bordslampa-med-vridet-monster\/","title":{"rendered":"Bordslampa med vridet m\u00f6nster"},"content":{"rendered":"<p>En bordslampa \u00e4r ett traditionellt ortodoxt f\u00f6rem\u00e5l f\u00f6r b\u00f6n. Dess l\u00e5ga symboliserar trons ljus och Guds n\u00e4rvaro i hemmet. Den \u00e4r idealisk f\u00f6r en personlig b\u00f6neh\u00f6rna.<\/p>\n","protected":false},"excerpt":{"rendered":"<p>En bordslampa \u00e4r ett traditionellt ortodoxt f\u00f6rem\u00e5l f\u00f6r b\u00f6n. Dess l\u00e5ga symboliserar trons ljus och Guds n\u00e4rvaro i hemmet. Den \u00e4r idealisk f\u00f6r en personlig b\u00f6neh\u00f6rna.<\/p>\n","protected":false},"featured_media":3893,"template":"","meta":{"give_campaign_id":0},"product_brand":[],"product_cat":[544],"product_tag":[],"class_list":{"0":"post-6212","1":"product","2":"type-product","3":"status-publish","4":"has-post-thumbnail","6":"product_cat-ljusstake","8":"first","9":"instock","10":"purchasable","11":"product-type-simple"},"_links":{"self":[{"href":"https:\/\/orthodoxblessings.com\/sv\/wp-json\/wp\/v2\/product\/6212","targetHints":{"allow":["GET"]}}],"collection":[{"href":"https:\/\/orthodoxblessings.com\/sv\/wp-json\/wp\/v2\/product"}],"about":[{"href":"https:\/\/orthodoxblessings.com\/sv\/wp-json\/wp\/v2\/types\/product"}],"wp:featuredmedia":[{"embeddable":true,"href":"https:\/\/orthodoxblessings.com\/sv\/wp-json\/wp\/v2\/media\/3893"}],"wp:attachment":[{"href":"https:\/\/orthodoxblessings.com\/sv\/wp-json\/wp\/v2\/media?parent=6212"}],"wp:term":[{"taxonomy":"product_brand","embeddable":true,"href":"https:\/\/orthodoxblessings.com\/sv\/wp-json\/wp\/v2\/product_brand?post=6212"},{"taxonomy":"product_cat","embeddable":true,"href":"https:\/\/orthodoxblessings.com\/sv\/wp-json\/wp\/v2\/product_cat?post=6212"},{"taxonomy":"product_tag","embeddable":true,"href":"https:\/\/orthodoxblessings.com\/sv\/wp-json\/wp\/v2\/product_tag?post=6212"}],"curies":[{"name":"wp","href":"https:\/\/api.w.org\/{rel}","templated":true}]}}