{"id":6210,"date":"2025-05-26T11:01:33","date_gmt":"2025-05-26T11:01:33","guid":{"rendered":"https:\/\/orthodoxblessings.com\/shop\/hallare-for-en-vagglampa-dekorativ\/"},"modified":"2025-05-26T11:01:33","modified_gmt":"2025-05-26T11:01:33","slug":"hallare-for-en-vagglampa-dekorativ","status":"publish","type":"product","link":"https:\/\/orthodoxblessings.com\/sv\/shop\/hallare-for-en-vagglampa-dekorativ\/","title":{"rendered":"H\u00e5llare f\u00f6r en v\u00e4gglampa &#8211; dekorativ"},"content":{"rendered":"<p>En bronskrona som passar i varje h\u00f6rn av din l\u00e4genhet.<\/p>\n","protected":false},"excerpt":{"rendered":"<p>En bronskrona som passar i varje h\u00f6rn av din l\u00e4genhet.<\/p>\n","protected":false},"featured_media":3898,"template":"","meta":{"give_campaign_id":0},"product_brand":[],"product_cat":[544],"product_tag":[],"class_list":{"0":"post-6210","1":"product","2":"type-product","3":"status-publish","4":"has-post-thumbnail","6":"product_cat-ljusstake","8":"first","9":"instock","10":"purchasable","11":"product-type-simple"},"_links":{"self":[{"href":"https:\/\/orthodoxblessings.com\/sv\/wp-json\/wp\/v2\/product\/6210","targetHints":{"allow":["GET"]}}],"collection":[{"href":"https:\/\/orthodoxblessings.com\/sv\/wp-json\/wp\/v2\/product"}],"about":[{"href":"https:\/\/orthodoxblessings.com\/sv\/wp-json\/wp\/v2\/types\/product"}],"wp:featuredmedia":[{"embeddable":true,"href":"https:\/\/orthodoxblessings.com\/sv\/wp-json\/wp\/v2\/media\/3898"}],"wp:attachment":[{"href":"https:\/\/orthodoxblessings.com\/sv\/wp-json\/wp\/v2\/media?parent=6210"}],"wp:term":[{"taxonomy":"product_brand","embeddable":true,"href":"https:\/\/orthodoxblessings.com\/sv\/wp-json\/wp\/v2\/product_brand?post=6210"},{"taxonomy":"product_cat","embeddable":true,"href":"https:\/\/orthodoxblessings.com\/sv\/wp-json\/wp\/v2\/product_cat?post=6210"},{"taxonomy":"product_tag","embeddable":true,"href":"https:\/\/orthodoxblessings.com\/sv\/wp-json\/wp\/v2\/product_tag?post=6210"}],"curies":[{"name":"wp","href":"https:\/\/api.w.org\/{rel}","templated":true}]}}