{"id":6209,"date":"2025-05-26T11:01:33","date_gmt":"2025-05-26T11:01:33","guid":{"rendered":"https:\/\/orthodoxblessings.com\/shop\/bakre-lamphallare-guldplaterad\/"},"modified":"2025-05-26T11:01:33","modified_gmt":"2025-05-26T11:01:33","slug":"bakre-lamphallare-guldplaterad","status":"publish","type":"product","link":"https:\/\/orthodoxblessings.com\/sv\/shop\/bakre-lamphallare-guldplaterad\/","title":{"rendered":"Bakre lamph\u00e5llare &#8211; Guldpl\u00e4terad"},"content":{"rendered":"<p>F\u00f6rgylld h\u00e5llare f\u00f6r v\u00e4ggkamrater.<\/p>\n","protected":false},"excerpt":{"rendered":"<p>F\u00f6rgylld h\u00e5llare f\u00f6r v\u00e4ggkamrater.<\/p>\n","protected":false},"featured_media":3890,"template":"","meta":{"give_campaign_id":0},"product_brand":[],"product_cat":[544],"product_tag":[],"class_list":{"0":"post-6209","1":"product","2":"type-product","3":"status-publish","4":"has-post-thumbnail","6":"product_cat-ljusstake","8":"first","9":"instock","10":"purchasable","11":"product-type-simple"},"_links":{"self":[{"href":"https:\/\/orthodoxblessings.com\/sv\/wp-json\/wp\/v2\/product\/6209","targetHints":{"allow":["GET"]}}],"collection":[{"href":"https:\/\/orthodoxblessings.com\/sv\/wp-json\/wp\/v2\/product"}],"about":[{"href":"https:\/\/orthodoxblessings.com\/sv\/wp-json\/wp\/v2\/types\/product"}],"wp:featuredmedia":[{"embeddable":true,"href":"https:\/\/orthodoxblessings.com\/sv\/wp-json\/wp\/v2\/media\/3890"}],"wp:attachment":[{"href":"https:\/\/orthodoxblessings.com\/sv\/wp-json\/wp\/v2\/media?parent=6209"}],"wp:term":[{"taxonomy":"product_brand","embeddable":true,"href":"https:\/\/orthodoxblessings.com\/sv\/wp-json\/wp\/v2\/product_brand?post=6209"},{"taxonomy":"product_cat","embeddable":true,"href":"https:\/\/orthodoxblessings.com\/sv\/wp-json\/wp\/v2\/product_cat?post=6209"},{"taxonomy":"product_tag","embeddable":true,"href":"https:\/\/orthodoxblessings.com\/sv\/wp-json\/wp\/v2\/product_tag?post=6209"}],"curies":[{"name":"wp","href":"https:\/\/api.w.org\/{rel}","templated":true}]}}