{"id":6200,"date":"2025-05-26T11:01:33","date_gmt":"2025-05-26T11:01:33","guid":{"rendered":"https:\/\/orthodoxblessings.com\/shop\/ljusstakar-roda-med-fiskmotiv\/"},"modified":"2025-05-26T11:01:33","modified_gmt":"2025-05-26T11:01:33","slug":"ljusstakar-roda-med-fiskmotiv","status":"publish","type":"product","link":"https:\/\/orthodoxblessings.com\/sv\/shop\/ljusstakar-roda-med-fiskmotiv\/","title":{"rendered":"Ljusstakar R\u00f6da med fiskmotiv"},"content":{"rendered":"<p>Kristendomens symbol i form av en fisk dekorerad p\u00e5 en r\u00f6d ljusstake, ett utm\u00e4rkt val f\u00f6r troende.<\/p>\n","protected":false},"excerpt":{"rendered":"<p>Kristendomens symbol i form av en fisk dekorerad p\u00e5 en r\u00f6d ljusstake, ett utm\u00e4rkt val f\u00f6r troende.<\/p>\n","protected":false},"featured_media":0,"template":"","meta":{"give_campaign_id":0},"product_brand":[],"product_cat":[546],"product_tag":[],"class_list":{"0":"post-6200","1":"product","2":"type-product","3":"status-publish","5":"product_cat-keramisk-ljusstake","7":"first","8":"outofstock","9":"purchasable","10":"product-type-simple"},"_links":{"self":[{"href":"https:\/\/orthodoxblessings.com\/sv\/wp-json\/wp\/v2\/product\/6200","targetHints":{"allow":["GET"]}}],"collection":[{"href":"https:\/\/orthodoxblessings.com\/sv\/wp-json\/wp\/v2\/product"}],"about":[{"href":"https:\/\/orthodoxblessings.com\/sv\/wp-json\/wp\/v2\/types\/product"}],"wp:attachment":[{"href":"https:\/\/orthodoxblessings.com\/sv\/wp-json\/wp\/v2\/media?parent=6200"}],"wp:term":[{"taxonomy":"product_brand","embeddable":true,"href":"https:\/\/orthodoxblessings.com\/sv\/wp-json\/wp\/v2\/product_brand?post=6200"},{"taxonomy":"product_cat","embeddable":true,"href":"https:\/\/orthodoxblessings.com\/sv\/wp-json\/wp\/v2\/product_cat?post=6200"},{"taxonomy":"product_tag","embeddable":true,"href":"https:\/\/orthodoxblessings.com\/sv\/wp-json\/wp\/v2\/product_tag?post=6200"}],"curies":[{"name":"wp","href":"https:\/\/api.w.org\/{rel}","templated":true}]}}