{"id":6199,"date":"2025-05-26T11:01:33","date_gmt":"2025-05-26T11:01:33","guid":{"rendered":"https:\/\/orthodoxblessings.com\/shop\/brun-ljusstake-med-gulddetaljer\/"},"modified":"2025-05-26T11:01:33","modified_gmt":"2025-05-26T11:01:33","slug":"brun-ljusstake-med-gulddetaljer","status":"publish","type":"product","link":"https:\/\/orthodoxblessings.com\/sv\/shop\/brun-ljusstake-med-gulddetaljer\/","title":{"rendered":"Brun ljusstake med gulddetaljer"},"content":{"rendered":"<p>En lyxig ljusstake i en kombination av brun f\u00e4rg och gulddekorationer, perfekt f\u00f6r festliga tillf\u00e4llen.<\/p>\n","protected":false},"excerpt":{"rendered":"<p>En lyxig ljusstake i en kombination av brun f\u00e4rg och gulddekorationer, perfekt f\u00f6r festliga tillf\u00e4llen.<\/p>\n","protected":false},"featured_media":3877,"template":"","meta":{"give_campaign_id":0},"product_brand":[],"product_cat":[546],"product_tag":[],"class_list":{"0":"post-6199","1":"product","2":"type-product","3":"status-publish","4":"has-post-thumbnail","6":"product_cat-keramisk-ljusstake","8":"first","9":"instock","10":"purchasable","11":"product-type-simple"},"_links":{"self":[{"href":"https:\/\/orthodoxblessings.com\/sv\/wp-json\/wp\/v2\/product\/6199","targetHints":{"allow":["GET"]}}],"collection":[{"href":"https:\/\/orthodoxblessings.com\/sv\/wp-json\/wp\/v2\/product"}],"about":[{"href":"https:\/\/orthodoxblessings.com\/sv\/wp-json\/wp\/v2\/types\/product"}],"wp:featuredmedia":[{"embeddable":true,"href":"https:\/\/orthodoxblessings.com\/sv\/wp-json\/wp\/v2\/media\/3877"}],"wp:attachment":[{"href":"https:\/\/orthodoxblessings.com\/sv\/wp-json\/wp\/v2\/media?parent=6199"}],"wp:term":[{"taxonomy":"product_brand","embeddable":true,"href":"https:\/\/orthodoxblessings.com\/sv\/wp-json\/wp\/v2\/product_brand?post=6199"},{"taxonomy":"product_cat","embeddable":true,"href":"https:\/\/orthodoxblessings.com\/sv\/wp-json\/wp\/v2\/product_cat?post=6199"},{"taxonomy":"product_tag","embeddable":true,"href":"https:\/\/orthodoxblessings.com\/sv\/wp-json\/wp\/v2\/product_tag?post=6199"}],"curies":[{"name":"wp","href":"https:\/\/api.w.org\/{rel}","templated":true}]}}