{"id":6196,"date":"2025-05-26T11:01:45","date_gmt":"2025-05-26T11:01:45","guid":{"rendered":"https:\/\/orthodoxblessings.com\/shop\/det-var-vad-paul-sa\/"},"modified":"2025-05-26T11:01:45","modified_gmt":"2025-05-26T11:01:45","slug":"det-var-vad-paul-sa","status":"publish","type":"product","link":"https:\/\/orthodoxblessings.com\/sv\/shop\/det-var-vad-paul-sa\/","title":{"rendered":"Det var vad Paul sa"},"content":{"rendered":"<p>En samling av den helige aposteln Paulus viktigaste l\u00e4ror och tankar, vars ord fortfarande starkt p\u00e5verkar troende runt om i v\u00e4rlden.<\/p>\n","protected":false},"excerpt":{"rendered":"<p>En samling av den helige aposteln Paulus viktigaste l\u00e4ror och tankar, vars ord fortfarande starkt p\u00e5verkar troende runt om i v\u00e4rlden.<\/p>\n","protected":false},"featured_media":3964,"template":"","meta":{"give_campaign_id":0},"product_brand":[],"product_cat":[552],"product_tag":[],"class_list":{"0":"post-6196","1":"product","2":"type-product","3":"status-publish","4":"has-post-thumbnail","6":"product_cat-ortodoxa-andliga-guider","8":"first","9":"instock","10":"purchasable","11":"product-type-simple"},"_links":{"self":[{"href":"https:\/\/orthodoxblessings.com\/sv\/wp-json\/wp\/v2\/product\/6196","targetHints":{"allow":["GET"]}}],"collection":[{"href":"https:\/\/orthodoxblessings.com\/sv\/wp-json\/wp\/v2\/product"}],"about":[{"href":"https:\/\/orthodoxblessings.com\/sv\/wp-json\/wp\/v2\/types\/product"}],"wp:featuredmedia":[{"embeddable":true,"href":"https:\/\/orthodoxblessings.com\/sv\/wp-json\/wp\/v2\/media\/3964"}],"wp:attachment":[{"href":"https:\/\/orthodoxblessings.com\/sv\/wp-json\/wp\/v2\/media?parent=6196"}],"wp:term":[{"taxonomy":"product_brand","embeddable":true,"href":"https:\/\/orthodoxblessings.com\/sv\/wp-json\/wp\/v2\/product_brand?post=6196"},{"taxonomy":"product_cat","embeddable":true,"href":"https:\/\/orthodoxblessings.com\/sv\/wp-json\/wp\/v2\/product_cat?post=6196"},{"taxonomy":"product_tag","embeddable":true,"href":"https:\/\/orthodoxblessings.com\/sv\/wp-json\/wp\/v2\/product_tag?post=6196"}],"curies":[{"name":"wp","href":"https:\/\/api.w.org\/{rel}","templated":true}]}}