{"id":6192,"date":"2025-05-26T11:01:45","date_gmt":"2025-05-26T11:01:45","guid":{"rendered":"https:\/\/orthodoxblessings.com\/shop\/tid-och-evighet\/"},"modified":"2025-05-26T11:01:45","modified_gmt":"2025-05-26T11:01:45","slug":"tid-och-evighet","status":"publish","type":"product","link":"https:\/\/orthodoxblessings.com\/sv\/shop\/tid-och-evighet\/","title":{"rendered":"Tid och evighet"},"content":{"rendered":"<p>Detta skriftst\u00e4lle avsl\u00f6jar inneb\u00f6rden av tiden i sammanhanget av den kristna tron \u200b\u200boch f\u00f6rh\u00e5llandet till evigheten, och p\u00e5minner oss om det jordiska livets f\u00f6rg\u00e4nglighet.<\/p>\n","protected":false},"excerpt":{"rendered":"<p>Detta skriftst\u00e4lle avsl\u00f6jar inneb\u00f6rden av tiden i sammanhanget av den kristna tron \u200b\u200boch f\u00f6rh\u00e5llandet till evigheten, och p\u00e5minner oss om det jordiska livets f\u00f6rg\u00e4nglighet.<\/p>\n","protected":false},"featured_media":3959,"template":"","meta":{"give_campaign_id":0},"product_brand":[],"product_cat":[552],"product_tag":[],"class_list":{"0":"post-6192","1":"product","2":"type-product","3":"status-publish","4":"has-post-thumbnail","6":"product_cat-ortodoxa-andliga-guider","8":"first","9":"instock","10":"purchasable","11":"product-type-simple"},"_links":{"self":[{"href":"https:\/\/orthodoxblessings.com\/sv\/wp-json\/wp\/v2\/product\/6192","targetHints":{"allow":["GET"]}}],"collection":[{"href":"https:\/\/orthodoxblessings.com\/sv\/wp-json\/wp\/v2\/product"}],"about":[{"href":"https:\/\/orthodoxblessings.com\/sv\/wp-json\/wp\/v2\/types\/product"}],"wp:featuredmedia":[{"embeddable":true,"href":"https:\/\/orthodoxblessings.com\/sv\/wp-json\/wp\/v2\/media\/3959"}],"wp:attachment":[{"href":"https:\/\/orthodoxblessings.com\/sv\/wp-json\/wp\/v2\/media?parent=6192"}],"wp:term":[{"taxonomy":"product_brand","embeddable":true,"href":"https:\/\/orthodoxblessings.com\/sv\/wp-json\/wp\/v2\/product_brand?post=6192"},{"taxonomy":"product_cat","embeddable":true,"href":"https:\/\/orthodoxblessings.com\/sv\/wp-json\/wp\/v2\/product_cat?post=6192"},{"taxonomy":"product_tag","embeddable":true,"href":"https:\/\/orthodoxblessings.com\/sv\/wp-json\/wp\/v2\/product_tag?post=6192"}],"curies":[{"name":"wp","href":"https:\/\/api.w.org\/{rel}","templated":true}]}}