{"id":6191,"date":"2025-05-26T11:01:45","date_gmt":"2025-05-26T11:01:45","guid":{"rendered":"https:\/\/orthodoxblessings.com\/shop\/de-heligas-tro\/"},"modified":"2025-05-26T11:01:45","modified_gmt":"2025-05-26T11:01:45","slug":"de-heligas-tro","status":"publish","type":"product","link":"https:\/\/orthodoxblessings.com\/sv\/shop\/de-heligas-tro\/","title":{"rendered":"De heligas tro"},"content":{"rendered":"<p>Ett autentiskt vittnesb\u00f6rd om den ortodoxa tron \u200b\u200boch dess v\u00e4sen, som f\u00f6rklarar de grundl\u00e4ggande \u00f6vertygelser och principer som helgonen bevarade och \u00f6verf\u00f6rde i \u00e5rhundraden.<\/p>\n","protected":false},"excerpt":{"rendered":"<p>Ett autentiskt vittnesb\u00f6rd om den ortodoxa tron \u200b\u200boch dess v\u00e4sen, som f\u00f6rklarar de grundl\u00e4ggande \u00f6vertygelser och principer som helgonen bevarade och \u00f6verf\u00f6rde i \u00e5rhundraden.<\/p>\n","protected":false},"featured_media":3955,"template":"","meta":{"give_campaign_id":0},"product_brand":[],"product_cat":[552],"product_tag":[],"class_list":{"0":"post-6191","1":"product","2":"type-product","3":"status-publish","4":"has-post-thumbnail","6":"product_cat-ortodoxa-andliga-guider","8":"first","9":"instock","10":"purchasable","11":"product-type-simple"},"_links":{"self":[{"href":"https:\/\/orthodoxblessings.com\/sv\/wp-json\/wp\/v2\/product\/6191","targetHints":{"allow":["GET"]}}],"collection":[{"href":"https:\/\/orthodoxblessings.com\/sv\/wp-json\/wp\/v2\/product"}],"about":[{"href":"https:\/\/orthodoxblessings.com\/sv\/wp-json\/wp\/v2\/types\/product"}],"wp:featuredmedia":[{"embeddable":true,"href":"https:\/\/orthodoxblessings.com\/sv\/wp-json\/wp\/v2\/media\/3955"}],"wp:attachment":[{"href":"https:\/\/orthodoxblessings.com\/sv\/wp-json\/wp\/v2\/media?parent=6191"}],"wp:term":[{"taxonomy":"product_brand","embeddable":true,"href":"https:\/\/orthodoxblessings.com\/sv\/wp-json\/wp\/v2\/product_brand?post=6191"},{"taxonomy":"product_cat","embeddable":true,"href":"https:\/\/orthodoxblessings.com\/sv\/wp-json\/wp\/v2\/product_cat?post=6191"},{"taxonomy":"product_tag","embeddable":true,"href":"https:\/\/orthodoxblessings.com\/sv\/wp-json\/wp\/v2\/product_tag?post=6191"}],"curies":[{"name":"wp","href":"https:\/\/api.w.org\/{rel}","templated":true}]}}