{"id":6190,"date":"2025-05-26T11:01:45","date_gmt":"2025-05-26T11:01:45","guid":{"rendered":"https:\/\/orthodoxblessings.com\/shop\/munken-callistus-bok\/"},"modified":"2025-05-26T11:01:45","modified_gmt":"2025-05-26T11:01:45","slug":"munken-callistus-bok","status":"publish","type":"product","link":"https:\/\/orthodoxblessings.com\/sv\/shop\/munken-callistus-bok\/","title":{"rendered":"Munken Callistus bok"},"content":{"rendered":"<p>Den h\u00e4r boken ger munken Callistos djupa andliga l\u00e4ror, fyllda med visdom, frid och sann tro, vilket ger l\u00e4saren en stark k\u00e4nsla av andlig v\u00e4gledning.<\/p>\n","protected":false},"excerpt":{"rendered":"<p>Den h\u00e4r boken ger munken Callistos djupa andliga l\u00e4ror, fyllda med visdom, frid och sann tro, vilket ger l\u00e4saren en stark k\u00e4nsla av andlig v\u00e4gledning.<\/p>\n","protected":false},"featured_media":3953,"template":"","meta":{"give_campaign_id":0},"product_brand":[],"product_cat":[552],"product_tag":[],"class_list":{"0":"post-6190","1":"product","2":"type-product","3":"status-publish","4":"has-post-thumbnail","6":"product_cat-ortodoxa-andliga-guider","8":"first","9":"instock","10":"purchasable","11":"product-type-simple"},"_links":{"self":[{"href":"https:\/\/orthodoxblessings.com\/sv\/wp-json\/wp\/v2\/product\/6190","targetHints":{"allow":["GET"]}}],"collection":[{"href":"https:\/\/orthodoxblessings.com\/sv\/wp-json\/wp\/v2\/product"}],"about":[{"href":"https:\/\/orthodoxblessings.com\/sv\/wp-json\/wp\/v2\/types\/product"}],"wp:featuredmedia":[{"embeddable":true,"href":"https:\/\/orthodoxblessings.com\/sv\/wp-json\/wp\/v2\/media\/3953"}],"wp:attachment":[{"href":"https:\/\/orthodoxblessings.com\/sv\/wp-json\/wp\/v2\/media?parent=6190"}],"wp:term":[{"taxonomy":"product_brand","embeddable":true,"href":"https:\/\/orthodoxblessings.com\/sv\/wp-json\/wp\/v2\/product_brand?post=6190"},{"taxonomy":"product_cat","embeddable":true,"href":"https:\/\/orthodoxblessings.com\/sv\/wp-json\/wp\/v2\/product_cat?post=6190"},{"taxonomy":"product_tag","embeddable":true,"href":"https:\/\/orthodoxblessings.com\/sv\/wp-json\/wp\/v2\/product_tag?post=6190"}],"curies":[{"name":"wp","href":"https:\/\/api.w.org\/{rel}","templated":true}]}}