{"id":6189,"date":"2025-05-26T11:01:45","date_gmt":"2025-05-26T11:01:45","guid":{"rendered":"https:\/\/orthodoxblessings.com\/shop\/psalter-stor-vit-rod\/"},"modified":"2025-05-26T11:01:45","modified_gmt":"2025-05-26T11:01:45","slug":"psalter-stor-vit-rod","status":"publish","type":"product","link":"https:\/\/orthodoxblessings.com\/sv\/shop\/psalter-stor-vit-rod\/","title":{"rendered":"Psalter stor vit r\u00f6d"},"content":{"rendered":"<p>Den stora vita r\u00f6da psaltaren \u00e4r en b\u00f6nbok som kombinerar sk\u00f6nhet och praktiska egenskaper, vilket g\u00f6r att de troende kan \u00e4gna sig helt \u00e5t b\u00f6n. Med sitt magnifika utseende \u00e4r denna bok en djup andlig k\u00e4lla som leder till st\u00f6rre tro och Guds v\u00e4lsignelse. <\/p>\n","protected":false},"excerpt":{"rendered":"<p>Den stora vita r\u00f6da psaltaren \u00e4r en b\u00f6nbok som kombinerar sk\u00f6nhet och praktiska egenskaper, vilket g\u00f6r att de troende kan \u00e4gna sig helt \u00e5t b\u00f6n. Med sitt magnifika utseende \u00e4r denna bok en djup andlig k\u00e4lla som leder till st\u00f6rre tro och Guds v\u00e4lsignelse.<\/p>\n","protected":false},"featured_media":3951,"template":"","meta":{"give_campaign_id":0},"product_brand":[],"product_cat":[563],"product_tag":[],"class_list":{"0":"post-6189","1":"product","2":"type-product","3":"status-publish","4":"has-post-thumbnail","6":"product_cat-boner-for-varje-dag","8":"first","9":"instock","10":"purchasable","11":"product-type-simple"},"_links":{"self":[{"href":"https:\/\/orthodoxblessings.com\/sv\/wp-json\/wp\/v2\/product\/6189","targetHints":{"allow":["GET"]}}],"collection":[{"href":"https:\/\/orthodoxblessings.com\/sv\/wp-json\/wp\/v2\/product"}],"about":[{"href":"https:\/\/orthodoxblessings.com\/sv\/wp-json\/wp\/v2\/types\/product"}],"wp:featuredmedia":[{"embeddable":true,"href":"https:\/\/orthodoxblessings.com\/sv\/wp-json\/wp\/v2\/media\/3951"}],"wp:attachment":[{"href":"https:\/\/orthodoxblessings.com\/sv\/wp-json\/wp\/v2\/media?parent=6189"}],"wp:term":[{"taxonomy":"product_brand","embeddable":true,"href":"https:\/\/orthodoxblessings.com\/sv\/wp-json\/wp\/v2\/product_brand?post=6189"},{"taxonomy":"product_cat","embeddable":true,"href":"https:\/\/orthodoxblessings.com\/sv\/wp-json\/wp\/v2\/product_cat?post=6189"},{"taxonomy":"product_tag","embeddable":true,"href":"https:\/\/orthodoxblessings.com\/sv\/wp-json\/wp\/v2\/product_tag?post=6189"}],"curies":[{"name":"wp","href":"https:\/\/api.w.org\/{rel}","templated":true}]}}