{"id":6188,"date":"2025-05-26T11:01:45","date_gmt":"2025-05-26T11:01:45","guid":{"rendered":"https:\/\/orthodoxblessings.com\/shop\/psalter-stor-beige\/"},"modified":"2025-05-26T11:01:45","modified_gmt":"2025-05-26T11:01:45","slug":"psalter-stor-beige","status":"publish","type":"product","link":"https:\/\/orthodoxblessings.com\/sv\/shop\/psalter-stor-beige\/","title":{"rendered":"Psalter stor beige"},"content":{"rendered":"<p>The Big Beige Psalter \u00e4r en bok som inneh\u00e5ller alla viktiga b\u00f6ner och psalmer, perfekt f\u00f6r djup andlig kontemplation. Dess stora format m\u00f6jligg\u00f6r enklare l\u00e4sning och b\u00f6n, och dess utseende l\u00e4gger till en extra helighet och en atmosf\u00e4r av tystnad och b\u00f6n. <\/p>\n","protected":false},"excerpt":{"rendered":"<p>The Big Beige Psalter \u00e4r en bok som inneh\u00e5ller alla viktiga b\u00f6ner och psalmer, perfekt f\u00f6r djup andlig kontemplation. Dess stora format m\u00f6jligg\u00f6r enklare l\u00e4sning och b\u00f6n, och dess utseende l\u00e4gger till en extra helighet och en atmosf\u00e4r av tystnad och b\u00f6n.<\/p>\n","protected":false},"featured_media":3949,"template":"","meta":{"give_campaign_id":0},"product_brand":[],"product_cat":[563],"product_tag":[],"class_list":{"0":"post-6188","1":"product","2":"type-product","3":"status-publish","4":"has-post-thumbnail","6":"product_cat-boner-for-varje-dag","8":"first","9":"instock","10":"purchasable","11":"product-type-simple"},"_links":{"self":[{"href":"https:\/\/orthodoxblessings.com\/sv\/wp-json\/wp\/v2\/product\/6188","targetHints":{"allow":["GET"]}}],"collection":[{"href":"https:\/\/orthodoxblessings.com\/sv\/wp-json\/wp\/v2\/product"}],"about":[{"href":"https:\/\/orthodoxblessings.com\/sv\/wp-json\/wp\/v2\/types\/product"}],"wp:featuredmedia":[{"embeddable":true,"href":"https:\/\/orthodoxblessings.com\/sv\/wp-json\/wp\/v2\/media\/3949"}],"wp:attachment":[{"href":"https:\/\/orthodoxblessings.com\/sv\/wp-json\/wp\/v2\/media?parent=6188"}],"wp:term":[{"taxonomy":"product_brand","embeddable":true,"href":"https:\/\/orthodoxblessings.com\/sv\/wp-json\/wp\/v2\/product_brand?post=6188"},{"taxonomy":"product_cat","embeddable":true,"href":"https:\/\/orthodoxblessings.com\/sv\/wp-json\/wp\/v2\/product_cat?post=6188"},{"taxonomy":"product_tag","embeddable":true,"href":"https:\/\/orthodoxblessings.com\/sv\/wp-json\/wp\/v2\/product_tag?post=6188"}],"curies":[{"name":"wp","href":"https:\/\/api.w.org\/{rel}","templated":true}]}}