{"id":6186,"date":"2025-05-26T11:01:45","date_gmt":"2025-05-26T11:01:45","guid":{"rendered":"https:\/\/orthodoxblessings.com\/shop\/psalter-liten-rod\/"},"modified":"2025-05-26T11:01:45","modified_gmt":"2025-05-26T11:01:45","slug":"psalter-liten-rod","status":"publish","type":"product","link":"https:\/\/orthodoxblessings.com\/sv\/shop\/psalter-liten-rod\/","title":{"rendered":"Psalter liten r\u00f6d"},"content":{"rendered":"<p>Den lilla r\u00f6da psaltaren \u00e4r en kompakt b\u00f6nbok som anv\u00e4nds f\u00f6r personlig b\u00f6n och meditation. L\u00e4tt att b\u00e4ra, den h\u00e4r boken inneh\u00e5ller viktiga b\u00f6ner och psalmer som hj\u00e4lper till med andlig tillv\u00e4xt och intimitet med Gud. <\/p>\n","protected":false},"excerpt":{"rendered":"<p>Den lilla r\u00f6da psaltaren \u00e4r en kompakt b\u00f6nbok som anv\u00e4nds f\u00f6r personlig b\u00f6n och meditation. L\u00e4tt att b\u00e4ra, den h\u00e4r boken inneh\u00e5ller viktiga b\u00f6ner och psalmer som hj\u00e4lper till med andlig tillv\u00e4xt och intimitet med Gud.<\/p>\n","protected":false},"featured_media":3947,"template":"","meta":{"give_campaign_id":0},"product_brand":[],"product_cat":[563],"product_tag":[],"class_list":{"0":"post-6186","1":"product","2":"type-product","3":"status-publish","4":"has-post-thumbnail","6":"product_cat-boner-for-varje-dag","8":"first","9":"instock","10":"purchasable","11":"product-type-simple"},"_links":{"self":[{"href":"https:\/\/orthodoxblessings.com\/sv\/wp-json\/wp\/v2\/product\/6186","targetHints":{"allow":["GET"]}}],"collection":[{"href":"https:\/\/orthodoxblessings.com\/sv\/wp-json\/wp\/v2\/product"}],"about":[{"href":"https:\/\/orthodoxblessings.com\/sv\/wp-json\/wp\/v2\/types\/product"}],"wp:featuredmedia":[{"embeddable":true,"href":"https:\/\/orthodoxblessings.com\/sv\/wp-json\/wp\/v2\/media\/3947"}],"wp:attachment":[{"href":"https:\/\/orthodoxblessings.com\/sv\/wp-json\/wp\/v2\/media?parent=6186"}],"wp:term":[{"taxonomy":"product_brand","embeddable":true,"href":"https:\/\/orthodoxblessings.com\/sv\/wp-json\/wp\/v2\/product_brand?post=6186"},{"taxonomy":"product_cat","embeddable":true,"href":"https:\/\/orthodoxblessings.com\/sv\/wp-json\/wp\/v2\/product_cat?post=6186"},{"taxonomy":"product_tag","embeddable":true,"href":"https:\/\/orthodoxblessings.com\/sv\/wp-json\/wp\/v2\/product_tag?post=6186"}],"curies":[{"name":"wp","href":"https:\/\/api.w.org\/{rel}","templated":true}]}}