{"id":6185,"date":"2025-05-26T11:01:45","date_gmt":"2025-05-26T11:01:45","guid":{"rendered":"https:\/\/orthodoxblessings.com\/shop\/psalter-till-den-heliga-guds-moder-andlig-lug\/"},"modified":"2025-05-26T11:01:45","modified_gmt":"2025-05-26T11:01:45","slug":"psalter-till-den-heliga-guds-moder-andlig-lug","status":"publish","type":"product","link":"https:\/\/orthodoxblessings.com\/sv\/shop\/psalter-till-den-heliga-guds-moder-andlig-lug\/","title":{"rendered":"Psalter till den heliga Guds moder &#8211; Andlig lug"},"content":{"rendered":"<p>Psaltaren &#8221;Spiritual Lug&#8221; \u00e4r en speciell b\u00f6nebok till\u00e4gnad den heliga jungfru Maria. Denna bok \u00e4r en k\u00e4lla till andlig tr\u00f6st och v\u00e4gleder troende genom b\u00f6ner och psalmer, som st\u00e4rker tron \u200b\u200boch f\u00f6r m\u00e4nniskan n\u00e4rmare Gud, med hj\u00e4lp av Guds Moder.<\/p>\n","protected":false},"excerpt":{"rendered":"<p>Psaltaren &#8221;Spiritual Lug&#8221; \u00e4r en speciell b\u00f6nebok till\u00e4gnad den heliga jungfru Maria. Denna bok \u00e4r en k\u00e4lla till andlig tr\u00f6st och v\u00e4gleder troende genom b\u00f6ner och psalmer, som st\u00e4rker tron \u200b\u200boch f\u00f6r m\u00e4nniskan n\u00e4rmare Gud, med hj\u00e4lp av Guds Moder.<\/p>\n","protected":false},"featured_media":3946,"template":"","meta":{"give_campaign_id":0},"product_brand":[],"product_cat":[563],"product_tag":[],"class_list":{"0":"post-6185","1":"product","2":"type-product","3":"status-publish","4":"has-post-thumbnail","6":"product_cat-boner-for-varje-dag","8":"first","9":"instock","10":"purchasable","11":"product-type-simple"},"_links":{"self":[{"href":"https:\/\/orthodoxblessings.com\/sv\/wp-json\/wp\/v2\/product\/6185","targetHints":{"allow":["GET"]}}],"collection":[{"href":"https:\/\/orthodoxblessings.com\/sv\/wp-json\/wp\/v2\/product"}],"about":[{"href":"https:\/\/orthodoxblessings.com\/sv\/wp-json\/wp\/v2\/types\/product"}],"wp:featuredmedia":[{"embeddable":true,"href":"https:\/\/orthodoxblessings.com\/sv\/wp-json\/wp\/v2\/media\/3946"}],"wp:attachment":[{"href":"https:\/\/orthodoxblessings.com\/sv\/wp-json\/wp\/v2\/media?parent=6185"}],"wp:term":[{"taxonomy":"product_brand","embeddable":true,"href":"https:\/\/orthodoxblessings.com\/sv\/wp-json\/wp\/v2\/product_brand?post=6185"},{"taxonomy":"product_cat","embeddable":true,"href":"https:\/\/orthodoxblessings.com\/sv\/wp-json\/wp\/v2\/product_cat?post=6185"},{"taxonomy":"product_tag","embeddable":true,"href":"https:\/\/orthodoxblessings.com\/sv\/wp-json\/wp\/v2\/product_tag?post=6185"}],"curies":[{"name":"wp","href":"https:\/\/api.w.org\/{rel}","templated":true}]}}