{"id":6184,"date":"2025-05-26T11:01:45","date_gmt":"2025-05-26T11:01:45","guid":{"rendered":"https:\/\/orthodoxblessings.com\/shop\/ljusvekar-i-en-pase\/"},"modified":"2025-05-26T11:01:45","modified_gmt":"2025-05-26T11:01:45","slug":"ljusvekar-i-en-pase","status":"publish","type":"product","link":"https:\/\/orthodoxblessings.com\/sv\/shop\/ljusvekar-i-en-pase\/","title":{"rendered":"Ljusvekar i en p\u00e5se"},"content":{"rendered":"<p>Praktisk f\u00f6rpackning av lampvekar i p\u00e5se, l\u00e4mplig f\u00f6r f\u00f6rvaring och anv\u00e4ndning i varje hem. De s\u00e4kerst\u00e4ller ren och j\u00e4mn f\u00f6rbr\u00e4nning av lampan. <\/p>\n","protected":false},"excerpt":{"rendered":"<p>Praktisk f\u00f6rpackning av lampvekar i p\u00e5se, l\u00e4mplig f\u00f6r f\u00f6rvaring och anv\u00e4ndning i varje hem. De s\u00e4kerst\u00e4ller ren och j\u00e4mn f\u00f6rbr\u00e4nning av lampan.<\/p>\n","protected":false},"featured_media":3944,"template":"","meta":{"give_campaign_id":0},"product_brand":[],"product_cat":[549],"product_tag":[],"class_list":{"0":"post-6184","1":"product","2":"type-product","3":"status-publish","4":"has-post-thumbnail","6":"product_cat-vekar-och-oljor-for-lampor","8":"first","9":"instock","10":"purchasable","11":"product-type-simple"},"_links":{"self":[{"href":"https:\/\/orthodoxblessings.com\/sv\/wp-json\/wp\/v2\/product\/6184","targetHints":{"allow":["GET"]}}],"collection":[{"href":"https:\/\/orthodoxblessings.com\/sv\/wp-json\/wp\/v2\/product"}],"about":[{"href":"https:\/\/orthodoxblessings.com\/sv\/wp-json\/wp\/v2\/types\/product"}],"wp:featuredmedia":[{"embeddable":true,"href":"https:\/\/orthodoxblessings.com\/sv\/wp-json\/wp\/v2\/media\/3944"}],"wp:attachment":[{"href":"https:\/\/orthodoxblessings.com\/sv\/wp-json\/wp\/v2\/media?parent=6184"}],"wp:term":[{"taxonomy":"product_brand","embeddable":true,"href":"https:\/\/orthodoxblessings.com\/sv\/wp-json\/wp\/v2\/product_brand?post=6184"},{"taxonomy":"product_cat","embeddable":true,"href":"https:\/\/orthodoxblessings.com\/sv\/wp-json\/wp\/v2\/product_cat?post=6184"},{"taxonomy":"product_tag","embeddable":true,"href":"https:\/\/orthodoxblessings.com\/sv\/wp-json\/wp\/v2\/product_tag?post=6184"}],"curies":[{"name":"wp","href":"https:\/\/api.w.org\/{rel}","templated":true}]}}