{"id":6182,"date":"2025-05-26T11:01:45","date_gmt":"2025-05-26T11:01:45","guid":{"rendered":"https:\/\/orthodoxblessings.com\/shop\/brikett-veke-och-rokelse-set\/"},"modified":"2025-05-26T11:01:45","modified_gmt":"2025-05-26T11:01:45","slug":"brikett-veke-och-rokelse-set","status":"publish","type":"product","link":"https:\/\/orthodoxblessings.com\/sv\/shop\/brikett-veke-och-rokelse-set\/","title":{"rendered":"Brikett, veke och r\u00f6kelse set"},"content":{"rendered":"<p>En komplett upps\u00e4ttning f\u00f6r b\u00f6neritualer som inkluderar r\u00f6kelsebriketter, en ljusveke och doftande r\u00f6kelse. Allt du beh\u00f6ver f\u00f6r att uppr\u00e4tth\u00e5lla tradition och en andlig atmosf\u00e4r. <\/p>\n","protected":false},"excerpt":{"rendered":"<p>En komplett upps\u00e4ttning f\u00f6r b\u00f6neritualer som inkluderar r\u00f6kelsebriketter, en ljusveke och doftande r\u00f6kelse. Allt du beh\u00f6ver f\u00f6r att uppr\u00e4tth\u00e5lla tradition och en andlig atmosf\u00e4r.<\/p>\n","protected":false},"featured_media":7874,"template":"","meta":{"give_campaign_id":0},"product_brand":[],"product_cat":[533],"product_tag":[],"class_list":{"0":"post-6182","1":"product","2":"type-product","3":"status-publish","4":"has-post-thumbnail","6":"product_cat-festset","8":"first","9":"instock","10":"purchasable","11":"product-type-simple"},"_links":{"self":[{"href":"https:\/\/orthodoxblessings.com\/sv\/wp-json\/wp\/v2\/product\/6182","targetHints":{"allow":["GET"]}}],"collection":[{"href":"https:\/\/orthodoxblessings.com\/sv\/wp-json\/wp\/v2\/product"}],"about":[{"href":"https:\/\/orthodoxblessings.com\/sv\/wp-json\/wp\/v2\/types\/product"}],"wp:featuredmedia":[{"embeddable":true,"href":"https:\/\/orthodoxblessings.com\/sv\/wp-json\/wp\/v2\/media\/7874"}],"wp:attachment":[{"href":"https:\/\/orthodoxblessings.com\/sv\/wp-json\/wp\/v2\/media?parent=6182"}],"wp:term":[{"taxonomy":"product_brand","embeddable":true,"href":"https:\/\/orthodoxblessings.com\/sv\/wp-json\/wp\/v2\/product_brand?post=6182"},{"taxonomy":"product_cat","embeddable":true,"href":"https:\/\/orthodoxblessings.com\/sv\/wp-json\/wp\/v2\/product_cat?post=6182"},{"taxonomy":"product_tag","embeddable":true,"href":"https:\/\/orthodoxblessings.com\/sv\/wp-json\/wp\/v2\/product_tag?post=6182"}],"curies":[{"name":"wp","href":"https:\/\/api.w.org\/{rel}","templated":true}]}}