{"id":6179,"date":"2025-05-26T11:01:45","date_gmt":"2025-05-26T11:01:45","guid":{"rendered":"https:\/\/orthodoxblessings.com\/shop\/luktfri-rokelse\/"},"modified":"2025-05-26T11:01:45","modified_gmt":"2025-05-26T11:01:45","slug":"luktfri-rokelse","status":"publish","type":"product","link":"https:\/\/orthodoxblessings.com\/sv\/shop\/luktfri-rokelse\/","title":{"rendered":"Luktfri r\u00f6kelse"},"content":{"rendered":"<p>Ren r\u00f6kelse utan tillsats av dofter, idealisk f\u00f6r traditionell anv\u00e4ndning i kyrkor och hem. En symbol f\u00f6r b\u00f6n och att h\u00f6ja sj\u00e4len till Gud.<\/p>\n","protected":false},"excerpt":{"rendered":"<p>Ren r\u00f6kelse utan tillsats av dofter, idealisk f\u00f6r traditionell anv\u00e4ndning i kyrkor och hem. En symbol f\u00f6r b\u00f6n och att h\u00f6ja sj\u00e4len till Gud.<\/p>\n","protected":false},"featured_media":3930,"template":"","meta":{"give_campaign_id":0},"product_brand":[],"product_cat":[543],"product_tag":[],"class_list":{"0":"post-6179","1":"product","2":"type-product","3":"status-publish","4":"has-post-thumbnail","6":"product_cat-rokelse","8":"first","9":"instock","10":"purchasable","11":"product-type-simple"},"_links":{"self":[{"href":"https:\/\/orthodoxblessings.com\/sv\/wp-json\/wp\/v2\/product\/6179","targetHints":{"allow":["GET"]}}],"collection":[{"href":"https:\/\/orthodoxblessings.com\/sv\/wp-json\/wp\/v2\/product"}],"about":[{"href":"https:\/\/orthodoxblessings.com\/sv\/wp-json\/wp\/v2\/types\/product"}],"wp:featuredmedia":[{"embeddable":true,"href":"https:\/\/orthodoxblessings.com\/sv\/wp-json\/wp\/v2\/media\/3930"}],"wp:attachment":[{"href":"https:\/\/orthodoxblessings.com\/sv\/wp-json\/wp\/v2\/media?parent=6179"}],"wp:term":[{"taxonomy":"product_brand","embeddable":true,"href":"https:\/\/orthodoxblessings.com\/sv\/wp-json\/wp\/v2\/product_brand?post=6179"},{"taxonomy":"product_cat","embeddable":true,"href":"https:\/\/orthodoxblessings.com\/sv\/wp-json\/wp\/v2\/product_cat?post=6179"},{"taxonomy":"product_tag","embeddable":true,"href":"https:\/\/orthodoxblessings.com\/sv\/wp-json\/wp\/v2\/product_tag?post=6179"}],"curies":[{"name":"wp","href":"https:\/\/api.w.org\/{rel}","templated":true}]}}