{"id":6177,"date":"2025-05-26T11:01:45","date_gmt":"2025-05-26T11:01:45","guid":{"rendered":"https:\/\/orthodoxblessings.com\/shop\/vigvatten\/"},"modified":"2025-05-26T11:01:45","modified_gmt":"2025-05-26T11:01:45","slug":"vigvatten","status":"publish","type":"product","link":"https:\/\/orthodoxblessings.com\/sv\/shop\/vigvatten\/","title":{"rendered":"Vigvatten"},"content":{"rendered":"<p>Vigt heligt vatten, h\u00e4mtat fr\u00e5n heliga platser, ger v\u00e4lsignelser och andlig styrka. Det anv\u00e4nds i b\u00f6ner, invigning av hemmet och skydd mot onda krafter.  <\/p>\n","protected":false},"excerpt":{"rendered":"<p>Vigt heligt vatten, h\u00e4mtat fr\u00e5n heliga platser, ger v\u00e4lsignelser och andlig styrka. Det anv\u00e4nds i b\u00f6ner, invigning av hemmet och skydd mot onda krafter.<\/p>\n","protected":false},"featured_media":3921,"template":"","meta":{"give_campaign_id":0},"product_brand":[],"product_cat":[574],"product_tag":[],"class_list":{"0":"post-6177","1":"product","2":"type-product","3":"status-publish","4":"has-post-thumbnail","6":"product_cat-heligt-vatten-pa-flaska","8":"first","9":"instock","10":"purchasable","11":"product-type-simple"},"_links":{"self":[{"href":"https:\/\/orthodoxblessings.com\/sv\/wp-json\/wp\/v2\/product\/6177","targetHints":{"allow":["GET"]}}],"collection":[{"href":"https:\/\/orthodoxblessings.com\/sv\/wp-json\/wp\/v2\/product"}],"about":[{"href":"https:\/\/orthodoxblessings.com\/sv\/wp-json\/wp\/v2\/types\/product"}],"wp:featuredmedia":[{"embeddable":true,"href":"https:\/\/orthodoxblessings.com\/sv\/wp-json\/wp\/v2\/media\/3921"}],"wp:attachment":[{"href":"https:\/\/orthodoxblessings.com\/sv\/wp-json\/wp\/v2\/media?parent=6177"}],"wp:term":[{"taxonomy":"product_brand","embeddable":true,"href":"https:\/\/orthodoxblessings.com\/sv\/wp-json\/wp\/v2\/product_brand?post=6177"},{"taxonomy":"product_cat","embeddable":true,"href":"https:\/\/orthodoxblessings.com\/sv\/wp-json\/wp\/v2\/product_cat?post=6177"},{"taxonomy":"product_tag","embeddable":true,"href":"https:\/\/orthodoxblessings.com\/sv\/wp-json\/wp\/v2\/product_tag?post=6177"}],"curies":[{"name":"wp","href":"https:\/\/api.w.org\/{rel}","templated":true}]}}