{"id":6175,"date":"2025-05-26T11:01:56","date_gmt":"2025-05-26T11:01:56","guid":{"rendered":"https:\/\/orthodoxblessings.com\/shop\/primer-for-serbisk-ortodoxa-barn-och-foraldrar\/"},"modified":"2025-05-26T11:01:56","modified_gmt":"2025-05-26T11:01:56","slug":"primer-for-serbisk-ortodoxa-barn-och-foraldrar","status":"publish","type":"product","link":"https:\/\/orthodoxblessings.com\/sv\/shop\/primer-for-serbisk-ortodoxa-barn-och-foraldrar\/","title":{"rendered":"Primer f\u00f6r serbisk ortodoxa barn och f\u00f6r\u00e4ldrar"},"content":{"rendered":"<p>En traditionell primer som f\u00f6rbinder inl\u00e4rning av bokst\u00e4ver med ortodoxa v\u00e4rderingar och kultur.<\/p>\n","protected":false},"excerpt":{"rendered":"<p>En traditionell primer som f\u00f6rbinder inl\u00e4rning av bokst\u00e4ver med ortodoxa v\u00e4rderingar och kultur.<\/p>\n","protected":false},"featured_media":3990,"template":"","meta":{"give_campaign_id":0},"product_brand":[],"product_cat":[568],"product_tag":[],"class_list":{"0":"post-6175","1":"product","2":"type-product","3":"status-publish","4":"has-post-thumbnail","6":"product_cat-barnbocker","8":"first","9":"instock","10":"purchasable","11":"product-type-simple"},"_links":{"self":[{"href":"https:\/\/orthodoxblessings.com\/sv\/wp-json\/wp\/v2\/product\/6175","targetHints":{"allow":["GET"]}}],"collection":[{"href":"https:\/\/orthodoxblessings.com\/sv\/wp-json\/wp\/v2\/product"}],"about":[{"href":"https:\/\/orthodoxblessings.com\/sv\/wp-json\/wp\/v2\/types\/product"}],"wp:featuredmedia":[{"embeddable":true,"href":"https:\/\/orthodoxblessings.com\/sv\/wp-json\/wp\/v2\/media\/3990"}],"wp:attachment":[{"href":"https:\/\/orthodoxblessings.com\/sv\/wp-json\/wp\/v2\/media?parent=6175"}],"wp:term":[{"taxonomy":"product_brand","embeddable":true,"href":"https:\/\/orthodoxblessings.com\/sv\/wp-json\/wp\/v2\/product_brand?post=6175"},{"taxonomy":"product_cat","embeddable":true,"href":"https:\/\/orthodoxblessings.com\/sv\/wp-json\/wp\/v2\/product_cat?post=6175"},{"taxonomy":"product_tag","embeddable":true,"href":"https:\/\/orthodoxblessings.com\/sv\/wp-json\/wp\/v2\/product_tag?post=6175"}],"curies":[{"name":"wp","href":"https:\/\/api.w.org\/{rel}","templated":true}]}}