{"id":6173,"date":"2025-05-26T11:01:45","date_gmt":"2025-05-26T11:01:45","guid":{"rendered":"https:\/\/orthodoxblessings.com\/shop\/ikon-av-st-nicholas-wonderworker\/"},"modified":"2025-09-06T08:01:58","modified_gmt":"2025-09-06T08:01:58","slug":"ikon-av-st-nicholas-wonderworker","status":"publish","type":"product","link":"https:\/\/orthodoxblessings.com\/sv\/shop\/ikon-av-st-nicholas-wonderworker\/","title":{"rendered":"Ikon av St. Nicholas Wonderworker"},"content":{"rendered":"<p>Denna ikon visar St. Nicholas som en mirakelarbetare, som utf\u00f6r mirakel med sina b\u00f6ner och f\u00f6rb\u00f6n med Gud. Ikonen representerar den v\u00e4nlighet, barmh\u00e4rtighet och skydd som St. Nicholas ger hj\u00e4lp och r\u00e5d till alla som v\u00e4nder sig till honom.<\/p>\n","protected":false},"excerpt":{"rendered":"<p>Denna ikon visar St. Nicholas som en mirakelarbetare, som utf\u00f6r mirakel med sina b\u00f6ner och f\u00f6rb\u00f6n med Gud. Ikonen representerar den v\u00e4nlighet, barmh\u00e4rtighet och skydd som St. Nicholas ger hj\u00e4lp och r\u00e5d till alla som v\u00e4nder sig till honom.<\/p>\n","protected":false},"featured_media":0,"template":"","meta":{"give_campaign_id":0},"product_brand":[],"product_cat":[521],"product_tag":[],"class_list":{"0":"post-6173","1":"product","2":"type-product","3":"status-publish","5":"product_cat-ikoner-i-glasramar","7":"first","8":"instock","9":"purchasable","10":"product-type-simple"},"_links":{"self":[{"href":"https:\/\/orthodoxblessings.com\/sv\/wp-json\/wp\/v2\/product\/6173","targetHints":{"allow":["GET"]}}],"collection":[{"href":"https:\/\/orthodoxblessings.com\/sv\/wp-json\/wp\/v2\/product"}],"about":[{"href":"https:\/\/orthodoxblessings.com\/sv\/wp-json\/wp\/v2\/types\/product"}],"wp:attachment":[{"href":"https:\/\/orthodoxblessings.com\/sv\/wp-json\/wp\/v2\/media?parent=6173"}],"wp:term":[{"taxonomy":"product_brand","embeddable":true,"href":"https:\/\/orthodoxblessings.com\/sv\/wp-json\/wp\/v2\/product_brand?post=6173"},{"taxonomy":"product_cat","embeddable":true,"href":"https:\/\/orthodoxblessings.com\/sv\/wp-json\/wp\/v2\/product_cat?post=6173"},{"taxonomy":"product_tag","embeddable":true,"href":"https:\/\/orthodoxblessings.com\/sv\/wp-json\/wp\/v2\/product_tag?post=6173"}],"curies":[{"name":"wp","href":"https:\/\/api.w.org\/{rel}","templated":true}]}}