{"id":6172,"date":"2025-05-26T11:01:45","date_gmt":"2025-05-26T11:01:45","guid":{"rendered":"https:\/\/orthodoxblessings.com\/shop\/ikon-av-st-nicholas\/"},"modified":"2025-05-26T11:01:45","modified_gmt":"2025-05-26T11:01:45","slug":"ikon-av-st-nicholas","status":"publish","type":"product","link":"https:\/\/orthodoxblessings.com\/sv\/shop\/ikon-av-st-nicholas\/","title":{"rendered":"Ikon av St. Nicholas"},"content":{"rendered":"<p>Ikonen f\u00f6r Saint Nicholas, ett av de mest betrodda helgonen, \u00e4r k\u00e4nd f\u00f6r att representera en stor mirakelarbetare, beskyddare av sj\u00f6m\u00e4n, de fattiga och barn. St Nicholas \u00e4r en modell av v\u00e4nlighet och barmh\u00e4rtighet, och denna ikon p\u00e5minner troende om hans k\u00e4rlek till alla.<\/p>\n","protected":false},"excerpt":{"rendered":"<p>Ikonen f\u00f6r Saint Nicholas, ett av de mest betrodda helgonen, \u00e4r k\u00e4nd f\u00f6r att representera en stor mirakelarbetare, beskyddare av sj\u00f6m\u00e4n, de fattiga och barn. St Nicholas \u00e4r en modell av v\u00e4nlighet och barmh\u00e4rtighet, och denna ikon p\u00e5minner troende om hans k\u00e4rlek till alla.<\/p>\n","protected":false},"featured_media":7710,"template":"","meta":{"give_campaign_id":0},"product_brand":[],"product_cat":[521],"product_tag":[],"class_list":{"0":"post-6172","1":"product","2":"type-product","3":"status-publish","4":"has-post-thumbnail","6":"product_cat-ikoner-i-glasramar","8":"first","9":"outofstock","10":"purchasable","11":"product-type-simple"},"_links":{"self":[{"href":"https:\/\/orthodoxblessings.com\/sv\/wp-json\/wp\/v2\/product\/6172","targetHints":{"allow":["GET"]}}],"collection":[{"href":"https:\/\/orthodoxblessings.com\/sv\/wp-json\/wp\/v2\/product"}],"about":[{"href":"https:\/\/orthodoxblessings.com\/sv\/wp-json\/wp\/v2\/types\/product"}],"wp:featuredmedia":[{"embeddable":true,"href":"https:\/\/orthodoxblessings.com\/sv\/wp-json\/wp\/v2\/media\/7710"}],"wp:attachment":[{"href":"https:\/\/orthodoxblessings.com\/sv\/wp-json\/wp\/v2\/media?parent=6172"}],"wp:term":[{"taxonomy":"product_brand","embeddable":true,"href":"https:\/\/orthodoxblessings.com\/sv\/wp-json\/wp\/v2\/product_brand?post=6172"},{"taxonomy":"product_cat","embeddable":true,"href":"https:\/\/orthodoxblessings.com\/sv\/wp-json\/wp\/v2\/product_cat?post=6172"},{"taxonomy":"product_tag","embeddable":true,"href":"https:\/\/orthodoxblessings.com\/sv\/wp-json\/wp\/v2\/product_tag?post=6172"}],"curies":[{"name":"wp","href":"https:\/\/api.w.org\/{rel}","templated":true}]}}