{"id":6168,"date":"2025-05-26T11:01:56","date_gmt":"2025-05-26T11:01:56","guid":{"rendered":"https:\/\/orthodoxblessings.com\/shop\/hur-man-uppfostrar-barn\/"},"modified":"2025-05-26T11:01:56","modified_gmt":"2025-05-26T11:01:56","slug":"hur-man-uppfostrar-barn","status":"publish","type":"product","link":"https:\/\/orthodoxblessings.com\/sv\/shop\/hur-man-uppfostrar-barn\/","title":{"rendered":"Hur man uppfostrar barn"},"content":{"rendered":"<p>Anv\u00e4ndbara riktlinjer f\u00f6r ortodox uppfostran av barn, baserade p\u00e5 traditionella v\u00e4rderingar.<\/p>\n","protected":false},"excerpt":{"rendered":"<p>Anv\u00e4ndbara riktlinjer f\u00f6r ortodox uppfostran av barn, baserade p\u00e5 traditionella v\u00e4rderingar.<\/p>\n","protected":false},"featured_media":3998,"template":"","meta":{"give_campaign_id":0},"product_brand":[],"product_cat":[552],"product_tag":[],"class_list":{"0":"post-6168","1":"product","2":"type-product","3":"status-publish","4":"has-post-thumbnail","6":"product_cat-ortodoxa-andliga-guider","8":"first","9":"instock","10":"purchasable","11":"product-type-simple"},"_links":{"self":[{"href":"https:\/\/orthodoxblessings.com\/sv\/wp-json\/wp\/v2\/product\/6168","targetHints":{"allow":["GET"]}}],"collection":[{"href":"https:\/\/orthodoxblessings.com\/sv\/wp-json\/wp\/v2\/product"}],"about":[{"href":"https:\/\/orthodoxblessings.com\/sv\/wp-json\/wp\/v2\/types\/product"}],"wp:featuredmedia":[{"embeddable":true,"href":"https:\/\/orthodoxblessings.com\/sv\/wp-json\/wp\/v2\/media\/3998"}],"wp:attachment":[{"href":"https:\/\/orthodoxblessings.com\/sv\/wp-json\/wp\/v2\/media?parent=6168"}],"wp:term":[{"taxonomy":"product_brand","embeddable":true,"href":"https:\/\/orthodoxblessings.com\/sv\/wp-json\/wp\/v2\/product_brand?post=6168"},{"taxonomy":"product_cat","embeddable":true,"href":"https:\/\/orthodoxblessings.com\/sv\/wp-json\/wp\/v2\/product_cat?post=6168"},{"taxonomy":"product_tag","embeddable":true,"href":"https:\/\/orthodoxblessings.com\/sv\/wp-json\/wp\/v2\/product_tag?post=6168"}],"curies":[{"name":"wp","href":"https:\/\/api.w.org\/{rel}","templated":true}]}}