{"id":6164,"date":"2025-05-26T11:01:56","date_gmt":"2025-05-26T11:01:56","guid":{"rendered":"https:\/\/orthodoxblessings.com\/shop\/minnet-far-inte-stanna\/"},"modified":"2025-05-26T11:01:56","modified_gmt":"2025-05-26T11:01:56","slug":"minnet-far-inte-stanna","status":"publish","type":"product","link":"https:\/\/orthodoxblessings.com\/sv\/shop\/minnet-far-inte-stanna\/","title":{"rendered":"Minnet f\u00e5r inte stanna"},"content":{"rendered":"<p>Ett historiskt verk som p\u00e5minner om viktiga \u00f6gonblick fr\u00e5n det serbiska f\u00f6rflutna och vikten av att bevara det kollektiva minnet.<\/p>\n","protected":false},"excerpt":{"rendered":"<p>Ett historiskt verk som p\u00e5minner om viktiga \u00f6gonblick fr\u00e5n det serbiska f\u00f6rflutna och vikten av att bevara det kollektiva minnet.<\/p>\n","protected":false},"featured_media":3994,"template":"","meta":{"give_campaign_id":0},"product_brand":[],"product_cat":[564],"product_tag":[],"class_list":{"0":"post-6164","1":"product","2":"type-product","3":"status-publish","4":"has-post-thumbnail","6":"product_cat-andlig-litteratur-1","8":"first","9":"instock","10":"purchasable","11":"product-type-simple"},"_links":{"self":[{"href":"https:\/\/orthodoxblessings.com\/sv\/wp-json\/wp\/v2\/product\/6164","targetHints":{"allow":["GET"]}}],"collection":[{"href":"https:\/\/orthodoxblessings.com\/sv\/wp-json\/wp\/v2\/product"}],"about":[{"href":"https:\/\/orthodoxblessings.com\/sv\/wp-json\/wp\/v2\/types\/product"}],"wp:featuredmedia":[{"embeddable":true,"href":"https:\/\/orthodoxblessings.com\/sv\/wp-json\/wp\/v2\/media\/3994"}],"wp:attachment":[{"href":"https:\/\/orthodoxblessings.com\/sv\/wp-json\/wp\/v2\/media?parent=6164"}],"wp:term":[{"taxonomy":"product_brand","embeddable":true,"href":"https:\/\/orthodoxblessings.com\/sv\/wp-json\/wp\/v2\/product_brand?post=6164"},{"taxonomy":"product_cat","embeddable":true,"href":"https:\/\/orthodoxblessings.com\/sv\/wp-json\/wp\/v2\/product_cat?post=6164"},{"taxonomy":"product_tag","embeddable":true,"href":"https:\/\/orthodoxblessings.com\/sv\/wp-json\/wp\/v2\/product_tag?post=6164"}],"curies":[{"name":"wp","href":"https:\/\/api.w.org\/{rel}","templated":true}]}}