{"id":6162,"date":"2025-05-26T11:01:56","date_gmt":"2025-05-26T11:01:56","guid":{"rendered":"https:\/\/orthodoxblessings.com\/shop\/historia-om-serber-for-barn\/"},"modified":"2025-05-26T11:01:56","modified_gmt":"2025-05-26T11:01:56","slug":"historia-om-serber-for-barn","status":"publish","type":"product","link":"https:\/\/orthodoxblessings.com\/sv\/shop\/historia-om-serber-for-barn\/","title":{"rendered":"Historia om serber f\u00f6r barn"},"content":{"rendered":"<p>En bok som f\u00f6r det serbiska folkets historia n\u00e4rmare de yngsta p\u00e5 ett intressant och l\u00e4rorikt s\u00e4tt.<\/p>\n","protected":false},"excerpt":{"rendered":"<p>En bok som f\u00f6r det serbiska folkets historia n\u00e4rmare de yngsta p\u00e5 ett intressant och l\u00e4rorikt s\u00e4tt.<\/p>\n","protected":false},"featured_media":3986,"template":"","meta":{"give_campaign_id":0},"product_brand":[],"product_cat":[568],"product_tag":[],"class_list":{"0":"post-6162","1":"product","2":"type-product","3":"status-publish","4":"has-post-thumbnail","6":"product_cat-barnbocker","8":"first","9":"instock","10":"purchasable","11":"product-type-simple"},"_links":{"self":[{"href":"https:\/\/orthodoxblessings.com\/sv\/wp-json\/wp\/v2\/product\/6162","targetHints":{"allow":["GET"]}}],"collection":[{"href":"https:\/\/orthodoxblessings.com\/sv\/wp-json\/wp\/v2\/product"}],"about":[{"href":"https:\/\/orthodoxblessings.com\/sv\/wp-json\/wp\/v2\/types\/product"}],"wp:featuredmedia":[{"embeddable":true,"href":"https:\/\/orthodoxblessings.com\/sv\/wp-json\/wp\/v2\/media\/3986"}],"wp:attachment":[{"href":"https:\/\/orthodoxblessings.com\/sv\/wp-json\/wp\/v2\/media?parent=6162"}],"wp:term":[{"taxonomy":"product_brand","embeddable":true,"href":"https:\/\/orthodoxblessings.com\/sv\/wp-json\/wp\/v2\/product_brand?post=6162"},{"taxonomy":"product_cat","embeddable":true,"href":"https:\/\/orthodoxblessings.com\/sv\/wp-json\/wp\/v2\/product_cat?post=6162"},{"taxonomy":"product_tag","embeddable":true,"href":"https:\/\/orthodoxblessings.com\/sv\/wp-json\/wp\/v2\/product_tag?post=6162"}],"curies":[{"name":"wp","href":"https:\/\/api.w.org\/{rel}","templated":true}]}}