{"id":6161,"date":"2025-05-26T11:01:56","date_gmt":"2025-05-26T11:01:56","guid":{"rendered":"https:\/\/orthodoxblessings.com\/shop\/serbiska-spraket-for-tredje-klass-i-grundskolan\/"},"modified":"2025-05-26T11:01:56","modified_gmt":"2025-05-26T11:01:56","slug":"serbiska-spraket-for-tredje-klass-i-grundskolan","status":"publish","type":"product","link":"https:\/\/orthodoxblessings.com\/sv\/shop\/serbiska-spraket-for-tredje-klass-i-grundskolan\/","title":{"rendered":"Serbiska spr\u00e5ket f\u00f6r tredje klass i grundskolan"},"content":{"rendered":"<p>L\u00e4robok i serbiskt spr\u00e5k avsedd f\u00f6r elever i tredje klass, med f\u00f6rklaringar och uppgifter f\u00f6r enklare inl\u00e4rning.<\/p>\n","protected":false},"excerpt":{"rendered":"<p>L\u00e4robok i serbiskt spr\u00e5k avsedd f\u00f6r elever i tredje klass, med f\u00f6rklaringar och uppgifter f\u00f6r enklare inl\u00e4rning.<\/p>\n","protected":false},"featured_media":3988,"template":"","meta":{"give_campaign_id":0},"product_brand":[],"product_cat":[568],"product_tag":[],"class_list":{"0":"post-6161","1":"product","2":"type-product","3":"status-publish","4":"has-post-thumbnail","6":"product_cat-barnbocker","8":"first","9":"instock","10":"purchasable","11":"product-type-simple"},"_links":{"self":[{"href":"https:\/\/orthodoxblessings.com\/sv\/wp-json\/wp\/v2\/product\/6161","targetHints":{"allow":["GET"]}}],"collection":[{"href":"https:\/\/orthodoxblessings.com\/sv\/wp-json\/wp\/v2\/product"}],"about":[{"href":"https:\/\/orthodoxblessings.com\/sv\/wp-json\/wp\/v2\/types\/product"}],"wp:featuredmedia":[{"embeddable":true,"href":"https:\/\/orthodoxblessings.com\/sv\/wp-json\/wp\/v2\/media\/3988"}],"wp:attachment":[{"href":"https:\/\/orthodoxblessings.com\/sv\/wp-json\/wp\/v2\/media?parent=6161"}],"wp:term":[{"taxonomy":"product_brand","embeddable":true,"href":"https:\/\/orthodoxblessings.com\/sv\/wp-json\/wp\/v2\/product_brand?post=6161"},{"taxonomy":"product_cat","embeddable":true,"href":"https:\/\/orthodoxblessings.com\/sv\/wp-json\/wp\/v2\/product_cat?post=6161"},{"taxonomy":"product_tag","embeddable":true,"href":"https:\/\/orthodoxblessings.com\/sv\/wp-json\/wp\/v2\/product_tag?post=6161"}],"curies":[{"name":"wp","href":"https:\/\/api.w.org\/{rel}","templated":true}]}}