{"id":6160,"date":"2025-05-26T11:01:56","date_gmt":"2025-05-26T11:01:56","guid":{"rendered":"https:\/\/orthodoxblessings.com\/shop\/barn-laser-bibeln\/"},"modified":"2025-05-26T11:01:56","modified_gmt":"2025-05-26T11:01:56","slug":"barn-laser-bibeln","status":"publish","type":"product","link":"https:\/\/orthodoxblessings.com\/sv\/shop\/barn-laser-bibeln\/","title":{"rendered":"Barn l\u00e4ser bibeln"},"content":{"rendered":"<p>En specialutg\u00e5va av den Heliga Skrift anpassad f\u00f6r barn, med illustrationer och enkla f\u00f6rklaringar av bibelber\u00e4ttelser.<\/p>\n","protected":false},"excerpt":{"rendered":"<p>En specialutg\u00e5va av den Heliga Skrift anpassad f\u00f6r barn, med illustrationer och enkla f\u00f6rklaringar av bibelber\u00e4ttelser.<\/p>\n","protected":false},"featured_media":3984,"template":"","meta":{"give_campaign_id":0},"product_brand":[],"product_cat":[568],"product_tag":[],"class_list":{"0":"post-6160","1":"product","2":"type-product","3":"status-publish","4":"has-post-thumbnail","6":"product_cat-barnbocker","8":"first","9":"outofstock","10":"purchasable","11":"product-type-simple"},"_links":{"self":[{"href":"https:\/\/orthodoxblessings.com\/sv\/wp-json\/wp\/v2\/product\/6160","targetHints":{"allow":["GET"]}}],"collection":[{"href":"https:\/\/orthodoxblessings.com\/sv\/wp-json\/wp\/v2\/product"}],"about":[{"href":"https:\/\/orthodoxblessings.com\/sv\/wp-json\/wp\/v2\/types\/product"}],"wp:featuredmedia":[{"embeddable":true,"href":"https:\/\/orthodoxblessings.com\/sv\/wp-json\/wp\/v2\/media\/3984"}],"wp:attachment":[{"href":"https:\/\/orthodoxblessings.com\/sv\/wp-json\/wp\/v2\/media?parent=6160"}],"wp:term":[{"taxonomy":"product_brand","embeddable":true,"href":"https:\/\/orthodoxblessings.com\/sv\/wp-json\/wp\/v2\/product_brand?post=6160"},{"taxonomy":"product_cat","embeddable":true,"href":"https:\/\/orthodoxblessings.com\/sv\/wp-json\/wp\/v2\/product_cat?post=6160"},{"taxonomy":"product_tag","embeddable":true,"href":"https:\/\/orthodoxblessings.com\/sv\/wp-json\/wp\/v2\/product_tag?post=6160"}],"curies":[{"name":"wp","href":"https:\/\/api.w.org\/{rel}","templated":true}]}}