{"id":6158,"date":"2025-05-26T11:01:56","date_gmt":"2025-05-26T11:01:56","guid":{"rendered":"https:\/\/orthodoxblessings.com\/shop\/mirakel-fran-saint-sava\/"},"modified":"2025-05-26T11:01:56","modified_gmt":"2025-05-26T11:01:56","slug":"mirakel-fran-saint-sava","status":"publish","type":"product","link":"https:\/\/orthodoxblessings.com\/sv\/shop\/mirakel-fran-saint-sava\/","title":{"rendered":"Mirakel fr\u00e5n Saint Sava"},"content":{"rendered":"<p>En bok som visar Saint Savas m\u00e5nga mirakul\u00f6sa verk och hans outt\u00f6mliga inflytande p\u00e5 ortodox andlighet.<\/p>\n","protected":false},"excerpt":{"rendered":"<p>En bok som visar Saint Savas m\u00e5nga mirakul\u00f6sa verk och hans outt\u00f6mliga inflytande p\u00e5 ortodox andlighet.<\/p>\n","protected":false},"featured_media":0,"template":"","meta":{"give_campaign_id":0},"product_brand":[],"product_cat":[575],"product_tag":[],"class_list":{"0":"post-6158","1":"product","2":"type-product","3":"status-publish","5":"product_cat-helgonets-liv","7":"first","8":"outofstock","9":"purchasable","10":"product-type-simple"},"_links":{"self":[{"href":"https:\/\/orthodoxblessings.com\/sv\/wp-json\/wp\/v2\/product\/6158","targetHints":{"allow":["GET"]}}],"collection":[{"href":"https:\/\/orthodoxblessings.com\/sv\/wp-json\/wp\/v2\/product"}],"about":[{"href":"https:\/\/orthodoxblessings.com\/sv\/wp-json\/wp\/v2\/types\/product"}],"wp:attachment":[{"href":"https:\/\/orthodoxblessings.com\/sv\/wp-json\/wp\/v2\/media?parent=6158"}],"wp:term":[{"taxonomy":"product_brand","embeddable":true,"href":"https:\/\/orthodoxblessings.com\/sv\/wp-json\/wp\/v2\/product_brand?post=6158"},{"taxonomy":"product_cat","embeddable":true,"href":"https:\/\/orthodoxblessings.com\/sv\/wp-json\/wp\/v2\/product_cat?post=6158"},{"taxonomy":"product_tag","embeddable":true,"href":"https:\/\/orthodoxblessings.com\/sv\/wp-json\/wp\/v2\/product_tag?post=6158"}],"curies":[{"name":"wp","href":"https:\/\/api.w.org\/{rel}","templated":true}]}}