{"id":6156,"date":"2025-05-26T11:01:56","date_gmt":"2025-05-26T11:01:56","guid":{"rendered":"https:\/\/orthodoxblessings.com\/shop\/ortodox-bonbok-svart-medium\/"},"modified":"2025-05-26T11:01:56","modified_gmt":"2025-05-26T11:01:56","slug":"ortodox-bonbok-svart-medium","status":"publish","type":"product","link":"https:\/\/orthodoxblessings.com\/sv\/shop\/ortodox-bonbok-svart-medium\/","title":{"rendered":"Ortodox b\u00f6nbok &#8211; Svart medium"},"content":{"rendered":"<p>Kompakt och praktisk b\u00f6nebok med grundl\u00e4ggande ortodoxa b\u00f6ner f\u00f6r vardagsbruk.<\/p>\n","protected":false},"excerpt":{"rendered":"<p>Kompakt och praktisk b\u00f6nebok med grundl\u00e4ggande ortodoxa b\u00f6ner f\u00f6r vardagsbruk.<\/p>\n","protected":false},"featured_media":0,"template":"","meta":{"give_campaign_id":0},"product_brand":[],"product_cat":[563],"product_tag":[],"class_list":{"0":"post-6156","1":"product","2":"type-product","3":"status-publish","5":"product_cat-boner-for-varje-dag","7":"first","8":"outofstock","9":"purchasable","10":"product-type-simple"},"_links":{"self":[{"href":"https:\/\/orthodoxblessings.com\/sv\/wp-json\/wp\/v2\/product\/6156","targetHints":{"allow":["GET"]}}],"collection":[{"href":"https:\/\/orthodoxblessings.com\/sv\/wp-json\/wp\/v2\/product"}],"about":[{"href":"https:\/\/orthodoxblessings.com\/sv\/wp-json\/wp\/v2\/types\/product"}],"wp:attachment":[{"href":"https:\/\/orthodoxblessings.com\/sv\/wp-json\/wp\/v2\/media?parent=6156"}],"wp:term":[{"taxonomy":"product_brand","embeddable":true,"href":"https:\/\/orthodoxblessings.com\/sv\/wp-json\/wp\/v2\/product_brand?post=6156"},{"taxonomy":"product_cat","embeddable":true,"href":"https:\/\/orthodoxblessings.com\/sv\/wp-json\/wp\/v2\/product_cat?post=6156"},{"taxonomy":"product_tag","embeddable":true,"href":"https:\/\/orthodoxblessings.com\/sv\/wp-json\/wp\/v2\/product_tag?post=6156"}],"curies":[{"name":"wp","href":"https:\/\/api.w.org\/{rel}","templated":true}]}}