{"id":6153,"date":"2025-05-26T11:01:56","date_gmt":"2025-05-26T11:01:56","guid":{"rendered":"https:\/\/orthodoxblessings.com\/shop\/barns-gubbe\/"},"modified":"2025-05-26T11:01:56","modified_gmt":"2025-05-26T11:01:56","slug":"barns-gubbe","status":"publish","type":"product","link":"https:\/\/orthodoxblessings.com\/sv\/shop\/barns-gubbe\/","title":{"rendered":"Barns gubbe"},"content":{"rendered":"<p>En specialanpassad bok f\u00f6r de yngsta som ger dem enkla men djupg\u00e5ende l\u00e4rdomar om tro, v\u00e4nlighet och lydnad.<\/p>\n","protected":false},"excerpt":{"rendered":"<p>En specialanpassad bok f\u00f6r de yngsta som ger dem enkla men djupg\u00e5ende l\u00e4rdomar om tro, v\u00e4nlighet och lydnad.<\/p>\n","protected":false},"featured_media":3970,"template":"","meta":{"give_campaign_id":0},"product_brand":[],"product_cat":[552],"product_tag":[],"class_list":{"0":"post-6153","1":"product","2":"type-product","3":"status-publish","4":"has-post-thumbnail","6":"product_cat-ortodoxa-andliga-guider","8":"first","9":"instock","10":"purchasable","11":"product-type-simple"},"_links":{"self":[{"href":"https:\/\/orthodoxblessings.com\/sv\/wp-json\/wp\/v2\/product\/6153","targetHints":{"allow":["GET"]}}],"collection":[{"href":"https:\/\/orthodoxblessings.com\/sv\/wp-json\/wp\/v2\/product"}],"about":[{"href":"https:\/\/orthodoxblessings.com\/sv\/wp-json\/wp\/v2\/types\/product"}],"wp:featuredmedia":[{"embeddable":true,"href":"https:\/\/orthodoxblessings.com\/sv\/wp-json\/wp\/v2\/media\/3970"}],"wp:attachment":[{"href":"https:\/\/orthodoxblessings.com\/sv\/wp-json\/wp\/v2\/media?parent=6153"}],"wp:term":[{"taxonomy":"product_brand","embeddable":true,"href":"https:\/\/orthodoxblessings.com\/sv\/wp-json\/wp\/v2\/product_brand?post=6153"},{"taxonomy":"product_cat","embeddable":true,"href":"https:\/\/orthodoxblessings.com\/sv\/wp-json\/wp\/v2\/product_cat?post=6153"},{"taxonomy":"product_tag","embeddable":true,"href":"https:\/\/orthodoxblessings.com\/sv\/wp-json\/wp\/v2\/product_tag?post=6153"}],"curies":[{"name":"wp","href":"https:\/\/api.w.org\/{rel}","templated":true}]}}