{"id":6150,"date":"2025-05-26T11:01:56","date_gmt":"2025-05-26T11:01:56","guid":{"rendered":"https:\/\/orthodoxblessings.com\/shop\/lar-kanna-den-ortodoxa-kyrkans-tjanst\/"},"modified":"2025-05-26T11:01:56","modified_gmt":"2025-05-26T11:01:56","slug":"lar-kanna-den-ortodoxa-kyrkans-tjanst","status":"publish","type":"product","link":"https:\/\/orthodoxblessings.com\/sv\/shop\/lar-kanna-den-ortodoxa-kyrkans-tjanst\/","title":{"rendered":"L\u00e4r k\u00e4nna den ortodoxa kyrkans tj\u00e4nst"},"content":{"rendered":"<p>En bok som i detalj f\u00f6rklarar de ortodoxa gudstj\u00e4nsterna, deras symbolik och betydelse i de troendes andliga liv.<\/p>\n","protected":false},"excerpt":{"rendered":"<p>En bok som i detalj f\u00f6rklarar de ortodoxa gudstj\u00e4nsterna, deras symbolik och betydelse i de troendes andliga liv.<\/p>\n","protected":false},"featured_media":3968,"template":"","meta":{"give_campaign_id":0},"product_brand":[],"product_cat":[552],"product_tag":[],"class_list":{"0":"post-6150","1":"product","2":"type-product","3":"status-publish","4":"has-post-thumbnail","6":"product_cat-ortodoxa-andliga-guider","8":"first","9":"instock","10":"purchasable","11":"product-type-simple"},"_links":{"self":[{"href":"https:\/\/orthodoxblessings.com\/sv\/wp-json\/wp\/v2\/product\/6150","targetHints":{"allow":["GET"]}}],"collection":[{"href":"https:\/\/orthodoxblessings.com\/sv\/wp-json\/wp\/v2\/product"}],"about":[{"href":"https:\/\/orthodoxblessings.com\/sv\/wp-json\/wp\/v2\/types\/product"}],"wp:featuredmedia":[{"embeddable":true,"href":"https:\/\/orthodoxblessings.com\/sv\/wp-json\/wp\/v2\/media\/3968"}],"wp:attachment":[{"href":"https:\/\/orthodoxblessings.com\/sv\/wp-json\/wp\/v2\/media?parent=6150"}],"wp:term":[{"taxonomy":"product_brand","embeddable":true,"href":"https:\/\/orthodoxblessings.com\/sv\/wp-json\/wp\/v2\/product_brand?post=6150"},{"taxonomy":"product_cat","embeddable":true,"href":"https:\/\/orthodoxblessings.com\/sv\/wp-json\/wp\/v2\/product_cat?post=6150"},{"taxonomy":"product_tag","embeddable":true,"href":"https:\/\/orthodoxblessings.com\/sv\/wp-json\/wp\/v2\/product_tag?post=6150"}],"curies":[{"name":"wp","href":"https:\/\/api.w.org\/{rel}","templated":true}]}}