{"id":6145,"date":"2025-05-26T11:02:05","date_gmt":"2025-05-26T11:02:05","guid":{"rendered":"https:\/\/orthodoxblessings.com\/shop\/paskaggsvaktare\/"},"modified":"2025-05-26T11:02:05","modified_gmt":"2025-05-26T11:02:05","slug":"paskaggsvaktare","status":"publish","type":"product","link":"https:\/\/orthodoxblessings.com\/sv\/shop\/paskaggsvaktare\/","title":{"rendered":"P\u00e5sk\u00e4ggsvaktare"},"content":{"rendered":"<p>En liten \u00e4ggh\u00e5llare i metall, en symbol f\u00f6r uppst\u00e5ndelsen, perfekt f\u00f6r att dekorera julbordet.<\/p>\n","protected":false},"excerpt":{"rendered":"<p>En liten \u00e4ggh\u00e5llare i metall, en symbol f\u00f6r uppst\u00e5ndelsen, perfekt f\u00f6r att dekorera julbordet.<\/p>\n","protected":false},"featured_media":4032,"template":"","meta":{"give_campaign_id":0},"product_brand":[],"product_cat":[555],"product_tag":[],"class_list":{"0":"post-6145","1":"product","2":"type-product","3":"status-publish","4":"has-post-thumbnail","6":"product_cat-gavor","8":"first","9":"outofstock","10":"purchasable","11":"product-type-simple"},"_links":{"self":[{"href":"https:\/\/orthodoxblessings.com\/sv\/wp-json\/wp\/v2\/product\/6145","targetHints":{"allow":["GET"]}}],"collection":[{"href":"https:\/\/orthodoxblessings.com\/sv\/wp-json\/wp\/v2\/product"}],"about":[{"href":"https:\/\/orthodoxblessings.com\/sv\/wp-json\/wp\/v2\/types\/product"}],"wp:featuredmedia":[{"embeddable":true,"href":"https:\/\/orthodoxblessings.com\/sv\/wp-json\/wp\/v2\/media\/4032"}],"wp:attachment":[{"href":"https:\/\/orthodoxblessings.com\/sv\/wp-json\/wp\/v2\/media?parent=6145"}],"wp:term":[{"taxonomy":"product_brand","embeddable":true,"href":"https:\/\/orthodoxblessings.com\/sv\/wp-json\/wp\/v2\/product_brand?post=6145"},{"taxonomy":"product_cat","embeddable":true,"href":"https:\/\/orthodoxblessings.com\/sv\/wp-json\/wp\/v2\/product_cat?post=6145"},{"taxonomy":"product_tag","embeddable":true,"href":"https:\/\/orthodoxblessings.com\/sv\/wp-json\/wp\/v2\/product_tag?post=6145"}],"curies":[{"name":"wp","href":"https:\/\/api.w.org\/{rel}","templated":true}]}}