{"id":6142,"date":"2025-05-26T11:02:05","date_gmt":"2025-05-26T11:02:05","guid":{"rendered":"https:\/\/orthodoxblessings.com\/shop\/ljusveke-vass\/"},"modified":"2025-05-26T11:02:05","modified_gmt":"2025-05-26T11:02:05","slug":"ljusveke-vass","status":"publish","type":"product","link":"https:\/\/orthodoxblessings.com\/sv\/shop\/ljusveke-vass\/","title":{"rendered":"Ljusveke &#8211; vass"},"content":{"rendered":"<p>Dekorativa h\u00e5llare som skyddar och f\u00f6rsk\u00f6nar p\u00e5sk\u00e4gg och l\u00e4gger till en festlig atmosf\u00e4r till semestern.<\/p>\n","protected":false},"excerpt":{"rendered":"<p>Dekorativa h\u00e5llare som skyddar och f\u00f6rsk\u00f6nar p\u00e5sk\u00e4gg och l\u00e4gger till en festlig atmosf\u00e4r till semestern.<\/p>\n","protected":false},"featured_media":4030,"template":"","meta":{"give_campaign_id":0},"product_brand":[],"product_cat":[549],"product_tag":[],"class_list":{"0":"post-6142","1":"product","2":"type-product","3":"status-publish","4":"has-post-thumbnail","6":"product_cat-vekar-och-oljor-for-lampor","8":"first","9":"instock","10":"purchasable","11":"product-type-simple"},"_links":{"self":[{"href":"https:\/\/orthodoxblessings.com\/sv\/wp-json\/wp\/v2\/product\/6142","targetHints":{"allow":["GET"]}}],"collection":[{"href":"https:\/\/orthodoxblessings.com\/sv\/wp-json\/wp\/v2\/product"}],"about":[{"href":"https:\/\/orthodoxblessings.com\/sv\/wp-json\/wp\/v2\/types\/product"}],"wp:featuredmedia":[{"embeddable":true,"href":"https:\/\/orthodoxblessings.com\/sv\/wp-json\/wp\/v2\/media\/4030"}],"wp:attachment":[{"href":"https:\/\/orthodoxblessings.com\/sv\/wp-json\/wp\/v2\/media?parent=6142"}],"wp:term":[{"taxonomy":"product_brand","embeddable":true,"href":"https:\/\/orthodoxblessings.com\/sv\/wp-json\/wp\/v2\/product_brand?post=6142"},{"taxonomy":"product_cat","embeddable":true,"href":"https:\/\/orthodoxblessings.com\/sv\/wp-json\/wp\/v2\/product_cat?post=6142"},{"taxonomy":"product_tag","embeddable":true,"href":"https:\/\/orthodoxblessings.com\/sv\/wp-json\/wp\/v2\/product_tag?post=6142"}],"curies":[{"name":"wp","href":"https:\/\/api.w.org\/{rel}","templated":true}]}}