{"id":6136,"date":"2025-05-26T11:02:05","date_gmt":"2025-05-26T11:02:05","guid":{"rendered":"https:\/\/orthodoxblessings.com\/shop\/radband-i-tra-med-ett-kors-stor-brun-farg\/"},"modified":"2025-05-26T11:02:05","modified_gmt":"2025-05-26T11:02:05","slug":"radband-i-tra-med-ett-kors-stor-brun-farg","status":"publish","type":"product","link":"https:\/\/orthodoxblessings.com\/sv\/shop\/radband-i-tra-med-ett-kors-stor-brun-farg\/","title":{"rendered":"Radband i tr\u00e4 med ett kors &#8211; Stor brun f\u00e4rg"},"content":{"rendered":"<p>En klassisk radband av naturligt tr\u00e4, dekorerad med ett snidat kors.<\/p>\n","protected":false},"excerpt":{"rendered":"<p>En klassisk radband av naturligt tr\u00e4, dekorerad med ett snidat kors.<\/p>\n","protected":false},"featured_media":4013,"template":"","meta":{"give_campaign_id":0},"product_brand":[],"product_cat":[505],"product_tag":[],"class_list":{"0":"post-6136","1":"product","2":"type-product","3":"status-publish","4":"has-post-thumbnail","6":"product_cat-radband-av-tra","8":"first","9":"instock","10":"purchasable","11":"product-type-simple"},"_links":{"self":[{"href":"https:\/\/orthodoxblessings.com\/sv\/wp-json\/wp\/v2\/product\/6136","targetHints":{"allow":["GET"]}}],"collection":[{"href":"https:\/\/orthodoxblessings.com\/sv\/wp-json\/wp\/v2\/product"}],"about":[{"href":"https:\/\/orthodoxblessings.com\/sv\/wp-json\/wp\/v2\/types\/product"}],"wp:featuredmedia":[{"embeddable":true,"href":"https:\/\/orthodoxblessings.com\/sv\/wp-json\/wp\/v2\/media\/4013"}],"wp:attachment":[{"href":"https:\/\/orthodoxblessings.com\/sv\/wp-json\/wp\/v2\/media?parent=6136"}],"wp:term":[{"taxonomy":"product_brand","embeddable":true,"href":"https:\/\/orthodoxblessings.com\/sv\/wp-json\/wp\/v2\/product_brand?post=6136"},{"taxonomy":"product_cat","embeddable":true,"href":"https:\/\/orthodoxblessings.com\/sv\/wp-json\/wp\/v2\/product_cat?post=6136"},{"taxonomy":"product_tag","embeddable":true,"href":"https:\/\/orthodoxblessings.com\/sv\/wp-json\/wp\/v2\/product_tag?post=6136"}],"curies":[{"name":"wp","href":"https:\/\/api.w.org\/{rel}","templated":true}]}}