{"id":6133,"date":"2025-05-26T11:02:05","date_gmt":"2025-05-26T11:02:05","guid":{"rendered":"https:\/\/orthodoxblessings.com\/shop\/ett-unikt-vavt-radband-med-ett-litet-kors-perfekt-for-bon-och-vardagsbruk\/"},"modified":"2025-05-26T11:02:05","modified_gmt":"2025-05-26T11:02:05","slug":"ett-unikt-vavt-radband-med-ett-litet-kors-perfekt-for-bon-och-vardagsbruk","status":"publish","type":"product","link":"https:\/\/orthodoxblessings.com\/sv\/shop\/ett-unikt-vavt-radband-med-ett-litet-kors-perfekt-for-bon-och-vardagsbruk\/","title":{"rendered":"Ett unikt v\u00e4vt radband med ett litet kors, perfekt f\u00f6r b\u00f6n och vardagsbruk."},"content":{"rendered":"<p>Ett gediget och elegant radband med metallelement som symboliserar tro och skydd.<\/p>\n","protected":false},"excerpt":{"rendered":"<p>Ett gediget och elegant radband med metallelement som symboliserar tro och skydd.<\/p>\n","protected":false},"featured_media":4009,"template":"","meta":{"give_campaign_id":0},"product_brand":[],"product_cat":[540],"product_tag":[],"class_list":{"0":"post-6133","1":"product","2":"type-product","3":"status-publish","4":"has-post-thumbnail","6":"product_cat-kyrkans-radband","8":"first","9":"instock","10":"purchasable","11":"product-type-simple"},"_links":{"self":[{"href":"https:\/\/orthodoxblessings.com\/sv\/wp-json\/wp\/v2\/product\/6133","targetHints":{"allow":["GET"]}}],"collection":[{"href":"https:\/\/orthodoxblessings.com\/sv\/wp-json\/wp\/v2\/product"}],"about":[{"href":"https:\/\/orthodoxblessings.com\/sv\/wp-json\/wp\/v2\/types\/product"}],"wp:featuredmedia":[{"embeddable":true,"href":"https:\/\/orthodoxblessings.com\/sv\/wp-json\/wp\/v2\/media\/4009"}],"wp:attachment":[{"href":"https:\/\/orthodoxblessings.com\/sv\/wp-json\/wp\/v2\/media?parent=6133"}],"wp:term":[{"taxonomy":"product_brand","embeddable":true,"href":"https:\/\/orthodoxblessings.com\/sv\/wp-json\/wp\/v2\/product_brand?post=6133"},{"taxonomy":"product_cat","embeddable":true,"href":"https:\/\/orthodoxblessings.com\/sv\/wp-json\/wp\/v2\/product_cat?post=6133"},{"taxonomy":"product_tag","embeddable":true,"href":"https:\/\/orthodoxblessings.com\/sv\/wp-json\/wp\/v2\/product_tag?post=6133"}],"curies":[{"name":"wp","href":"https:\/\/api.w.org\/{rel}","templated":true}]}}