{"id":6127,"date":"2025-05-26T11:02:05","date_gmt":"2025-05-26T11:02:05","guid":{"rendered":"https:\/\/orthodoxblessings.com\/shop\/guds-tio-bud\/"},"modified":"2025-05-26T11:02:05","modified_gmt":"2025-05-26T11:02:05","slug":"guds-tio-bud","status":"publish","type":"product","link":"https:\/\/orthodoxblessings.com\/sv\/shop\/guds-tio-bud\/","title":{"rendered":"Guds tio bud"},"content":{"rendered":"<p>En f\u00f6rklaring av Guds grundl\u00e4ggande bud, avsedd f\u00f6r alla \u00e5ldrar.<\/p>\n","protected":false},"excerpt":{"rendered":"<p>En f\u00f6rklaring av Guds grundl\u00e4ggande bud, avsedd f\u00f6r alla \u00e5ldrar.<\/p>\n","protected":false},"featured_media":4004,"template":"","meta":{"give_campaign_id":0},"product_brand":[],"product_cat":[568],"product_tag":[],"class_list":{"0":"post-6127","1":"product","2":"type-product","3":"status-publish","4":"has-post-thumbnail","6":"product_cat-barnbocker","8":"first","9":"outofstock","10":"purchasable","11":"product-type-simple"},"_links":{"self":[{"href":"https:\/\/orthodoxblessings.com\/sv\/wp-json\/wp\/v2\/product\/6127","targetHints":{"allow":["GET"]}}],"collection":[{"href":"https:\/\/orthodoxblessings.com\/sv\/wp-json\/wp\/v2\/product"}],"about":[{"href":"https:\/\/orthodoxblessings.com\/sv\/wp-json\/wp\/v2\/types\/product"}],"wp:featuredmedia":[{"embeddable":true,"href":"https:\/\/orthodoxblessings.com\/sv\/wp-json\/wp\/v2\/media\/4004"}],"wp:attachment":[{"href":"https:\/\/orthodoxblessings.com\/sv\/wp-json\/wp\/v2\/media?parent=6127"}],"wp:term":[{"taxonomy":"product_brand","embeddable":true,"href":"https:\/\/orthodoxblessings.com\/sv\/wp-json\/wp\/v2\/product_brand?post=6127"},{"taxonomy":"product_cat","embeddable":true,"href":"https:\/\/orthodoxblessings.com\/sv\/wp-json\/wp\/v2\/product_cat?post=6127"},{"taxonomy":"product_tag","embeddable":true,"href":"https:\/\/orthodoxblessings.com\/sv\/wp-json\/wp\/v2\/product_tag?post=6127"}],"curies":[{"name":"wp","href":"https:\/\/api.w.org\/{rel}","templated":true}]}}