{"id":6117,"date":"2025-05-26T11:02:15","date_gmt":"2025-05-26T11:02:15","guid":{"rendered":"https:\/\/orthodoxblessings.com\/shop\/st-st-fredag-bla-roda-klader\/"},"modified":"2025-05-26T11:02:15","modified_gmt":"2025-05-26T11:02:15","slug":"st-st-fredag-bla-roda-klader","status":"publish","type":"product","link":"https:\/\/orthodoxblessings.com\/sv\/shop\/st-st-fredag-bla-roda-klader\/","title":{"rendered":"St St Fredag \u200b\u200b- Bl\u00e5, R\u00f6da kl\u00e4der"},"content":{"rendered":"<p>Ikonen \u00e4r gjord med lamineringstekniken. I en tr\u00e4ram och inramad med glas<\/p>\n","protected":false},"excerpt":{"rendered":"<p>Ikonen \u00e4r gjord med lamineringstekniken. I en tr\u00e4ram och inramad med glas<\/p>\n","protected":false},"featured_media":4108,"template":"","meta":{"give_campaign_id":0},"product_brand":[],"product_cat":[521],"product_tag":[],"class_list":{"0":"post-6117","1":"product","2":"type-product","3":"status-publish","4":"has-post-thumbnail","6":"product_cat-ikoner-i-glasramar","8":"first","9":"instock","10":"sale","11":"purchasable","12":"product-type-simple"},"_links":{"self":[{"href":"https:\/\/orthodoxblessings.com\/sv\/wp-json\/wp\/v2\/product\/6117","targetHints":{"allow":["GET"]}}],"collection":[{"href":"https:\/\/orthodoxblessings.com\/sv\/wp-json\/wp\/v2\/product"}],"about":[{"href":"https:\/\/orthodoxblessings.com\/sv\/wp-json\/wp\/v2\/types\/product"}],"wp:featuredmedia":[{"embeddable":true,"href":"https:\/\/orthodoxblessings.com\/sv\/wp-json\/wp\/v2\/media\/4108"}],"wp:attachment":[{"href":"https:\/\/orthodoxblessings.com\/sv\/wp-json\/wp\/v2\/media?parent=6117"}],"wp:term":[{"taxonomy":"product_brand","embeddable":true,"href":"https:\/\/orthodoxblessings.com\/sv\/wp-json\/wp\/v2\/product_brand?post=6117"},{"taxonomy":"product_cat","embeddable":true,"href":"https:\/\/orthodoxblessings.com\/sv\/wp-json\/wp\/v2\/product_cat?post=6117"},{"taxonomy":"product_tag","embeddable":true,"href":"https:\/\/orthodoxblessings.com\/sv\/wp-json\/wp\/v2\/product_tag?post=6117"}],"curies":[{"name":"wp","href":"https:\/\/api.w.org\/{rel}","templated":true}]}}