{"id":6115,"date":"2025-05-26T11:02:15","date_gmt":"2025-05-26T11:02:15","guid":{"rendered":"https:\/\/orthodoxblessings.com\/shop\/ikon-av-st-fredag-staende-mini\/"},"modified":"2025-05-26T11:02:15","modified_gmt":"2025-05-26T11:02:15","slug":"ikon-av-st-fredag-staende-mini","status":"publish","type":"product","link":"https:\/\/orthodoxblessings.com\/sv\/shop\/ikon-av-st-fredag-staende-mini\/","title":{"rendered":"Ikon av St. fredag \u200b\u200b- St\u00e5ende Mini"},"content":{"rendered":"<p>Holy Fridays miniikon \u00e4r kompakt och praktisk, l\u00e4mplig att b\u00e4ra i en pl\u00e5nbok, v\u00e4ska eller som en personlig v\u00e4lsignelse. Den gjordes med uppm\u00e4rksamhet p\u00e5 detaljer, med respekt f\u00f6r de traditionella kanonerna f\u00f6r ikonm\u00e5lning. Tack vare sin storlek kan den l\u00e4tt anv\u00e4ndas i daglig b\u00f6n eller som en liten andlig g\u00e5va.  <\/p>\n","protected":false},"excerpt":{"rendered":"<p>Holy Fridays miniikon \u00e4r kompakt och praktisk, l\u00e4mplig att b\u00e4ra i en pl\u00e5nbok, v\u00e4ska eller som en personlig v\u00e4lsignelse. Den gjordes med uppm\u00e4rksamhet p\u00e5 detaljer, med respekt f\u00f6r de traditionella kanonerna f\u00f6r ikonm\u00e5lning. Tack vare sin storlek kan den l\u00e4tt anv\u00e4ndas i daglig b\u00f6n eller som en liten andlig g\u00e5va.<\/p>\n","protected":false},"featured_media":9569,"template":"","meta":{"give_campaign_id":0},"product_brand":[],"product_cat":[509],"product_tag":[],"class_list":{"0":"post-6115","1":"product","2":"type-product","3":"status-publish","4":"has-post-thumbnail","6":"product_cat-traikoner","8":"first","9":"instock","10":"purchasable","11":"product-type-simple"},"_links":{"self":[{"href":"https:\/\/orthodoxblessings.com\/sv\/wp-json\/wp\/v2\/product\/6115","targetHints":{"allow":["GET"]}}],"collection":[{"href":"https:\/\/orthodoxblessings.com\/sv\/wp-json\/wp\/v2\/product"}],"about":[{"href":"https:\/\/orthodoxblessings.com\/sv\/wp-json\/wp\/v2\/types\/product"}],"wp:featuredmedia":[{"embeddable":true,"href":"https:\/\/orthodoxblessings.com\/sv\/wp-json\/wp\/v2\/media\/9569"}],"wp:attachment":[{"href":"https:\/\/orthodoxblessings.com\/sv\/wp-json\/wp\/v2\/media?parent=6115"}],"wp:term":[{"taxonomy":"product_brand","embeddable":true,"href":"https:\/\/orthodoxblessings.com\/sv\/wp-json\/wp\/v2\/product_brand?post=6115"},{"taxonomy":"product_cat","embeddable":true,"href":"https:\/\/orthodoxblessings.com\/sv\/wp-json\/wp\/v2\/product_cat?post=6115"},{"taxonomy":"product_tag","embeddable":true,"href":"https:\/\/orthodoxblessings.com\/sv\/wp-json\/wp\/v2\/product_tag?post=6115"}],"curies":[{"name":"wp","href":"https:\/\/api.w.org\/{rel}","templated":true}]}}