{"id":6114,"date":"2025-05-26T11:02:15","date_gmt":"2025-05-26T11:02:15","guid":{"rendered":"https:\/\/orthodoxblessings.com\/shop\/holje-av-den-heliga-guds-moder\/"},"modified":"2025-05-26T11:02:15","modified_gmt":"2025-05-26T11:02:15","slug":"holje-av-den-heliga-guds-moder","status":"publish","type":"product","link":"https:\/\/orthodoxblessings.com\/sv\/shop\/holje-av-den-heliga-guds-moder\/","title":{"rendered":"H\u00f6lje av den heliga Guds moder"},"content":{"rendered":"<p>Ikonen f\u00f6r den heliga jungfru Marias h\u00f6lje visar Guds moder som sprider sin omophor (h\u00f6lje) \u00f6ver de trogna m\u00e4nniskorna som ett tecken p\u00e5 skydd och barmh\u00e4rtighet. Denna helgdag och ikonen p\u00e5minner oss om Guds moders st\u00e4ndiga f\u00f6rb\u00f6n inf\u00f6r Gud och hennes omsorg om alla som v\u00e4nder sig till henne med tro.  <\/p>\n","protected":false},"excerpt":{"rendered":"<p>Ikonen f\u00f6r den heliga jungfru Marias h\u00f6lje visar Guds moder som sprider sin omophor (h\u00f6lje) \u00f6ver de trogna m\u00e4nniskorna som ett tecken p\u00e5 skydd och barmh\u00e4rtighet. Denna helgdag och ikonen p\u00e5minner oss om Guds moders st\u00e4ndiga f\u00f6rb\u00f6n inf\u00f6r Gud och hennes omsorg om alla som v\u00e4nder sig till henne med tro.<\/p>\n","protected":false},"featured_media":4102,"template":"","meta":{"give_campaign_id":0},"product_brand":[],"product_cat":[509],"product_tag":[],"class_list":{"0":"post-6114","1":"product","2":"type-product","3":"status-publish","4":"has-post-thumbnail","6":"product_cat-traikoner","8":"first","9":"instock","10":"purchasable","11":"product-type-simple"},"_links":{"self":[{"href":"https:\/\/orthodoxblessings.com\/sv\/wp-json\/wp\/v2\/product\/6114","targetHints":{"allow":["GET"]}}],"collection":[{"href":"https:\/\/orthodoxblessings.com\/sv\/wp-json\/wp\/v2\/product"}],"about":[{"href":"https:\/\/orthodoxblessings.com\/sv\/wp-json\/wp\/v2\/types\/product"}],"wp:featuredmedia":[{"embeddable":true,"href":"https:\/\/orthodoxblessings.com\/sv\/wp-json\/wp\/v2\/media\/4102"}],"wp:attachment":[{"href":"https:\/\/orthodoxblessings.com\/sv\/wp-json\/wp\/v2\/media?parent=6114"}],"wp:term":[{"taxonomy":"product_brand","embeddable":true,"href":"https:\/\/orthodoxblessings.com\/sv\/wp-json\/wp\/v2\/product_brand?post=6114"},{"taxonomy":"product_cat","embeddable":true,"href":"https:\/\/orthodoxblessings.com\/sv\/wp-json\/wp\/v2\/product_cat?post=6114"},{"taxonomy":"product_tag","embeddable":true,"href":"https:\/\/orthodoxblessings.com\/sv\/wp-json\/wp\/v2\/product_tag?post=6114"}],"curies":[{"name":"wp","href":"https:\/\/api.w.org\/{rel}","templated":true}]}}