{"id":6111,"date":"2025-05-26T11:02:15","date_gmt":"2025-05-26T11:02:15","guid":{"rendered":"https:\/\/orthodoxblessings.com\/shop\/rokelselada-k1\/"},"modified":"2025-05-26T11:02:15","modified_gmt":"2025-05-26T11:02:15","slug":"rokelselada-k1","status":"publish","type":"product","link":"https:\/\/orthodoxblessings.com\/sv\/shop\/rokelselada-k1\/","title":{"rendered":"R\u00f6kelsel\u00e5da K1"},"content":{"rendered":"<p>Dekorativ och praktisk r\u00f6kelsel\u00e5da, tillverkad av kvalitetsmaterial med fina dekorationer. Idealisk f\u00f6r f\u00f6rvaring av r\u00f6kelse, det m\u00f6jligg\u00f6r enkel f\u00f6rvaring och bevarande av aromen. <\/p>\n","protected":false},"excerpt":{"rendered":"<p>Dekorativ och praktisk r\u00f6kelsel\u00e5da, tillverkad av kvalitetsmaterial med fina dekorationer. Idealisk f\u00f6r f\u00f6rvaring av r\u00f6kelse, det m\u00f6jligg\u00f6r enkel f\u00f6rvaring och bevarande av aromen.<\/p>\n","protected":false},"featured_media":4086,"template":"","meta":{"give_campaign_id":0},"product_brand":[],"product_cat":[536],"product_tag":[],"class_list":{"0":"post-6111","1":"product","2":"type-product","3":"status-publish","4":"has-post-thumbnail","6":"product_cat-rokelseaskar-och-briketter","8":"first","9":"instock","10":"purchasable","11":"product-type-simple"},"_links":{"self":[{"href":"https:\/\/orthodoxblessings.com\/sv\/wp-json\/wp\/v2\/product\/6111","targetHints":{"allow":["GET"]}}],"collection":[{"href":"https:\/\/orthodoxblessings.com\/sv\/wp-json\/wp\/v2\/product"}],"about":[{"href":"https:\/\/orthodoxblessings.com\/sv\/wp-json\/wp\/v2\/types\/product"}],"wp:featuredmedia":[{"embeddable":true,"href":"https:\/\/orthodoxblessings.com\/sv\/wp-json\/wp\/v2\/media\/4086"}],"wp:attachment":[{"href":"https:\/\/orthodoxblessings.com\/sv\/wp-json\/wp\/v2\/media?parent=6111"}],"wp:term":[{"taxonomy":"product_brand","embeddable":true,"href":"https:\/\/orthodoxblessings.com\/sv\/wp-json\/wp\/v2\/product_brand?post=6111"},{"taxonomy":"product_cat","embeddable":true,"href":"https:\/\/orthodoxblessings.com\/sv\/wp-json\/wp\/v2\/product_cat?post=6111"},{"taxonomy":"product_tag","embeddable":true,"href":"https:\/\/orthodoxblessings.com\/sv\/wp-json\/wp\/v2\/product_tag?post=6111"}],"curies":[{"name":"wp","href":"https:\/\/api.w.org\/{rel}","templated":true}]}}