{"id":6104,"date":"2025-05-26T11:02:26","date_gmt":"2025-05-26T11:02:26","guid":{"rendered":"https:\/\/orthodoxblessings.com\/shop\/johannes-damaskenos\/"},"modified":"2025-05-26T11:02:26","modified_gmt":"2025-05-26T11:02:26","slug":"johannes-damaskenos","status":"publish","type":"product","link":"https:\/\/orthodoxblessings.com\/sv\/shop\/johannes-damaskenos\/","title":{"rendered":"Johannes Damaskenos"},"content":{"rendered":"<p>Orthodox Faith&#8221; av John Damascene, en viktig teologisk text fr\u00e5n 800-talet, ger en djup f\u00f6rst\u00e5else av den \u00f6sterl\u00e4ndska kyrkotraditionen. ger en djup f\u00f6rst\u00e5else av den \u00f6sterl\u00e4ndska kyrkotraditionen. Boken behandlar den ortodoxa trons filosofi, k\u00e4tterier och grundl\u00e4ggande dogmer, och \u00e4r en av de viktigaste k\u00e4llorna f\u00f6r den historiska och teologiska f\u00f6rst\u00e5elsen av den tidiga kyrkan.<\/p>\n","protected":false},"excerpt":{"rendered":"<p>Orthodox Faith&#8221; av John Damascene, en viktig teologisk text fr\u00e5n 800-talet, ger en djup f\u00f6rst\u00e5else av den \u00f6sterl\u00e4ndska kyrkotraditionen. ger en djup f\u00f6rst\u00e5else av den \u00f6sterl\u00e4ndska kyrkotraditionen. Boken behandlar den ortodoxa trons filosofi, k\u00e4tterier och grundl\u00e4ggande dogmer, och \u00e4r en av de viktigaste k\u00e4llorna f\u00f6r den historiska och teologiska f\u00f6rst\u00e5elsen av den tidiga kyrkan.<\/p>\n","protected":false},"featured_media":4146,"template":"","meta":{"give_campaign_id":0},"product_brand":[],"product_cat":[564],"product_tag":[],"class_list":{"0":"post-6104","1":"product","2":"type-product","3":"status-publish","4":"has-post-thumbnail","6":"product_cat-andlig-litteratur-1","8":"first","9":"instock","10":"purchasable","11":"product-type-simple"},"_links":{"self":[{"href":"https:\/\/orthodoxblessings.com\/sv\/wp-json\/wp\/v2\/product\/6104","targetHints":{"allow":["GET"]}}],"collection":[{"href":"https:\/\/orthodoxblessings.com\/sv\/wp-json\/wp\/v2\/product"}],"about":[{"href":"https:\/\/orthodoxblessings.com\/sv\/wp-json\/wp\/v2\/types\/product"}],"wp:featuredmedia":[{"embeddable":true,"href":"https:\/\/orthodoxblessings.com\/sv\/wp-json\/wp\/v2\/media\/4146"}],"wp:attachment":[{"href":"https:\/\/orthodoxblessings.com\/sv\/wp-json\/wp\/v2\/media?parent=6104"}],"wp:term":[{"taxonomy":"product_brand","embeddable":true,"href":"https:\/\/orthodoxblessings.com\/sv\/wp-json\/wp\/v2\/product_brand?post=6104"},{"taxonomy":"product_cat","embeddable":true,"href":"https:\/\/orthodoxblessings.com\/sv\/wp-json\/wp\/v2\/product_cat?post=6104"},{"taxonomy":"product_tag","embeddable":true,"href":"https:\/\/orthodoxblessings.com\/sv\/wp-json\/wp\/v2\/product_tag?post=6104"}],"curies":[{"name":"wp","href":"https:\/\/api.w.org\/{rel}","templated":true}]}}