{"id":6103,"date":"2025-05-26T11:02:26","date_gmt":"2025-05-26T11:02:26","guid":{"rendered":"https:\/\/orthodoxblessings.com\/shop\/bonbok-rod-med-guldtryck-2\/"},"modified":"2025-05-26T11:02:26","modified_gmt":"2025-05-26T11:02:26","slug":"bonbok-rod-med-guldtryck-2","status":"publish","type":"product","link":"https:\/\/orthodoxblessings.com\/sv\/shop\/bonbok-rod-med-guldtryck-2\/","title":{"rendered":"B\u00f6nbok &#8211; r\u00f6d, med guldtryck"},"content":{"rendered":"<p>Denna lilla ortodoxa b\u00f6nbok i r\u00f6tt med guldtryck \u00e4r den perfekta f\u00f6ljeslagaren f\u00f6r dagliga b\u00f6ner. Kompakt och elegant, den \u00e4r idealisk att b\u00e4ra med dig, s\u00e5 att du kan be n\u00e4r som helst. Den inneh\u00e5ller grundl\u00e4ggande b\u00f6ner och texter som ger andligt st\u00f6d till troende hela tiden. Dess klassiska design och h\u00f6gkvalitativa guldtryck g\u00f6r den till en fin present till alla troende.  <\/p>\n","protected":false},"excerpt":{"rendered":"<p>Denna lilla ortodoxa b\u00f6nbok i r\u00f6tt med guldtryck \u00e4r den perfekta f\u00f6ljeslagaren f\u00f6r dagliga b\u00f6ner. Kompakt och elegant, den \u00e4r idealisk att b\u00e4ra med dig, s\u00e5 att du kan be n\u00e4r som helst. Den inneh\u00e5ller grundl\u00e4ggande b\u00f6ner och texter som ger andligt st\u00f6d till troende hela tiden. Dess klassiska design och h\u00f6gkvalitativa guldtryck g\u00f6r den [&hellip;]<\/p>\n","protected":false},"featured_media":4152,"template":"","meta":{"give_campaign_id":0},"product_brand":[],"product_cat":[564],"product_tag":[],"class_list":{"0":"post-6103","1":"product","2":"type-product","3":"status-publish","4":"has-post-thumbnail","6":"product_cat-andlig-litteratur-1","8":"first","9":"instock","10":"purchasable","11":"product-type-simple"},"_links":{"self":[{"href":"https:\/\/orthodoxblessings.com\/sv\/wp-json\/wp\/v2\/product\/6103","targetHints":{"allow":["GET"]}}],"collection":[{"href":"https:\/\/orthodoxblessings.com\/sv\/wp-json\/wp\/v2\/product"}],"about":[{"href":"https:\/\/orthodoxblessings.com\/sv\/wp-json\/wp\/v2\/types\/product"}],"wp:featuredmedia":[{"embeddable":true,"href":"https:\/\/orthodoxblessings.com\/sv\/wp-json\/wp\/v2\/media\/4152"}],"wp:attachment":[{"href":"https:\/\/orthodoxblessings.com\/sv\/wp-json\/wp\/v2\/media?parent=6103"}],"wp:term":[{"taxonomy":"product_brand","embeddable":true,"href":"https:\/\/orthodoxblessings.com\/sv\/wp-json\/wp\/v2\/product_brand?post=6103"},{"taxonomy":"product_cat","embeddable":true,"href":"https:\/\/orthodoxblessings.com\/sv\/wp-json\/wp\/v2\/product_cat?post=6103"},{"taxonomy":"product_tag","embeddable":true,"href":"https:\/\/orthodoxblessings.com\/sv\/wp-json\/wp\/v2\/product_tag?post=6103"}],"curies":[{"name":"wp","href":"https:\/\/api.w.org\/{rel}","templated":true}]}}