{"id":6100,"date":"2025-05-26T11:02:26","date_gmt":"2025-05-26T11:02:26","guid":{"rendered":"https:\/\/orthodoxblessings.com\/shop\/lat-oss-vara-uppmarksamma\/"},"modified":"2025-05-26T11:02:26","modified_gmt":"2025-05-26T11:02:26","slug":"lat-oss-vara-uppmarksamma","status":"publish","type":"product","link":"https:\/\/orthodoxblessings.com\/sv\/shop\/lat-oss-vara-uppmarksamma\/","title":{"rendered":"L\u00e5t oss vara uppm\u00e4rksamma"},"content":{"rendered":"<p>Den h\u00e4r boken hj\u00e4lper l\u00e4saren att f\u00f6rst\u00e5 de olika \u00f6gonblicken i den gudomliga liturgin och p\u00e5minner honom om eukaristins centrala plats i en kristens liv.<\/p>\n","protected":false},"excerpt":{"rendered":"<p>Den h\u00e4r boken hj\u00e4lper l\u00e4saren att f\u00f6rst\u00e5 de olika \u00f6gonblicken i den gudomliga liturgin och p\u00e5minner honom om eukaristins centrala plats i en kristens liv.<\/p>\n","protected":false},"featured_media":4148,"template":"","meta":{"give_campaign_id":0},"product_brand":[],"product_cat":[564],"product_tag":[],"class_list":{"0":"post-6100","1":"product","2":"type-product","3":"status-publish","4":"has-post-thumbnail","6":"product_cat-andlig-litteratur-1","8":"first","9":"instock","10":"purchasable","11":"product-type-simple"},"_links":{"self":[{"href":"https:\/\/orthodoxblessings.com\/sv\/wp-json\/wp\/v2\/product\/6100","targetHints":{"allow":["GET"]}}],"collection":[{"href":"https:\/\/orthodoxblessings.com\/sv\/wp-json\/wp\/v2\/product"}],"about":[{"href":"https:\/\/orthodoxblessings.com\/sv\/wp-json\/wp\/v2\/types\/product"}],"wp:featuredmedia":[{"embeddable":true,"href":"https:\/\/orthodoxblessings.com\/sv\/wp-json\/wp\/v2\/media\/4148"}],"wp:attachment":[{"href":"https:\/\/orthodoxblessings.com\/sv\/wp-json\/wp\/v2\/media?parent=6100"}],"wp:term":[{"taxonomy":"product_brand","embeddable":true,"href":"https:\/\/orthodoxblessings.com\/sv\/wp-json\/wp\/v2\/product_brand?post=6100"},{"taxonomy":"product_cat","embeddable":true,"href":"https:\/\/orthodoxblessings.com\/sv\/wp-json\/wp\/v2\/product_cat?post=6100"},{"taxonomy":"product_tag","embeddable":true,"href":"https:\/\/orthodoxblessings.com\/sv\/wp-json\/wp\/v2\/product_tag?post=6100"}],"curies":[{"name":"wp","href":"https:\/\/api.w.org\/{rel}","templated":true}]}}