{"id":6098,"date":"2025-05-26T11:02:26","date_gmt":"2025-05-26T11:02:26","guid":{"rendered":"https:\/\/orthodoxblessings.com\/shop\/the-sacred-and-divine-liturgy\/"},"modified":"2025-12-06T16:20:40","modified_gmt":"2025-12-06T16:20:40","slug":"den-gudomliga-liturgin","status":"publish","type":"product","link":"https:\/\/orthodoxblessings.com\/sv\/shop\/den-gudomliga-liturgin\/","title":{"rendered":"Den gudomliga liturgin"},"content":{"rendered":"<p>\u201eDen gudomliga liturgin\u201c \u2013 \u00e4r en tv\u00e5spr\u00e5kig utg\u00e5va p\u00e5 serbiska och engelska som inneh\u00e5ller den fullst\u00e4ndiga texten till Johannes Chrysostomos liturgi. Boken \u00e4r illustrerad och erbjuder en djupare f\u00f6rst\u00e5else av den liturgiska ceremonin.<\/p>\n","protected":false},"excerpt":{"rendered":"<p>\u201eDen gudomliga liturgin\u201c \u2013 \u00e4r en tv\u00e5spr\u00e5kig utg\u00e5va p\u00e5 serbiska och engelska som inneh\u00e5ller den fullst\u00e4ndiga texten till Johannes Chrysostomos liturgi. Boken \u00e4r illustrerad och erbjuder en djupare f\u00f6rst\u00e5else av den liturgiska ceremonin.<\/p>\n","protected":false},"featured_media":4144,"template":"","meta":{"give_campaign_id":0},"product_brand":[],"product_cat":[564],"product_tag":[],"class_list":{"0":"post-6098","1":"product","2":"type-product","3":"status-publish","4":"has-post-thumbnail","6":"product_cat-andlig-litteratur-1","8":"first","9":"instock","10":"purchasable","11":"product-type-simple"},"_links":{"self":[{"href":"https:\/\/orthodoxblessings.com\/sv\/wp-json\/wp\/v2\/product\/6098","targetHints":{"allow":["GET"]}}],"collection":[{"href":"https:\/\/orthodoxblessings.com\/sv\/wp-json\/wp\/v2\/product"}],"about":[{"href":"https:\/\/orthodoxblessings.com\/sv\/wp-json\/wp\/v2\/types\/product"}],"wp:featuredmedia":[{"embeddable":true,"href":"https:\/\/orthodoxblessings.com\/sv\/wp-json\/wp\/v2\/media\/4144"}],"wp:attachment":[{"href":"https:\/\/orthodoxblessings.com\/sv\/wp-json\/wp\/v2\/media?parent=6098"}],"wp:term":[{"taxonomy":"product_brand","embeddable":true,"href":"https:\/\/orthodoxblessings.com\/sv\/wp-json\/wp\/v2\/product_brand?post=6098"},{"taxonomy":"product_cat","embeddable":true,"href":"https:\/\/orthodoxblessings.com\/sv\/wp-json\/wp\/v2\/product_cat?post=6098"},{"taxonomy":"product_tag","embeddable":true,"href":"https:\/\/orthodoxblessings.com\/sv\/wp-json\/wp\/v2\/product_tag?post=6098"}],"curies":[{"name":"wp","href":"https:\/\/api.w.org\/{rel}","templated":true}]}}