{"id":6097,"date":"2025-05-26T11:02:26","date_gmt":"2025-05-26T11:02:26","guid":{"rendered":"https:\/\/orthodoxblessings.com\/shop\/okenfaderna\/"},"modified":"2025-05-26T11:02:26","modified_gmt":"2025-05-26T11:02:26","slug":"okenfaderna","status":"publish","type":"product","link":"https:\/\/orthodoxblessings.com\/sv\/shop\/okenfaderna\/","title":{"rendered":"\u00d6kenf\u00e4derna"},"content":{"rendered":"<p>&#8221;F\u00e4derna&#8221; (\u00d6kenf\u00e4derna) \u00e4r en samling l\u00e4ror fr\u00e5n tidiga kristna munkar som levde i \u00f6knar som s\u00f6kte en djupare relation med Gud. Deras korta och kloka ord uppmuntrar \u00f6dmjukhet, b\u00f6n och inre andlig kamp.<\/p>\n","protected":false},"excerpt":{"rendered":"<p>&#8221;F\u00e4derna&#8221; (\u00d6kenf\u00e4derna) \u00e4r en samling l\u00e4ror fr\u00e5n tidiga kristna munkar som levde i \u00f6knar som s\u00f6kte en djupare relation med Gud. Deras korta och kloka ord uppmuntrar \u00f6dmjukhet, b\u00f6n och inre andlig kamp.<\/p>\n","protected":false},"featured_media":4139,"template":"","meta":{"give_campaign_id":0},"product_brand":[],"product_cat":[564],"product_tag":[],"class_list":{"0":"post-6097","1":"product","2":"type-product","3":"status-publish","4":"has-post-thumbnail","6":"product_cat-andlig-litteratur-1","8":"first","9":"instock","10":"purchasable","11":"product-type-simple"},"_links":{"self":[{"href":"https:\/\/orthodoxblessings.com\/sv\/wp-json\/wp\/v2\/product\/6097","targetHints":{"allow":["GET"]}}],"collection":[{"href":"https:\/\/orthodoxblessings.com\/sv\/wp-json\/wp\/v2\/product"}],"about":[{"href":"https:\/\/orthodoxblessings.com\/sv\/wp-json\/wp\/v2\/types\/product"}],"wp:featuredmedia":[{"embeddable":true,"href":"https:\/\/orthodoxblessings.com\/sv\/wp-json\/wp\/v2\/media\/4139"}],"wp:attachment":[{"href":"https:\/\/orthodoxblessings.com\/sv\/wp-json\/wp\/v2\/media?parent=6097"}],"wp:term":[{"taxonomy":"product_brand","embeddable":true,"href":"https:\/\/orthodoxblessings.com\/sv\/wp-json\/wp\/v2\/product_brand?post=6097"},{"taxonomy":"product_cat","embeddable":true,"href":"https:\/\/orthodoxblessings.com\/sv\/wp-json\/wp\/v2\/product_cat?post=6097"},{"taxonomy":"product_tag","embeddable":true,"href":"https:\/\/orthodoxblessings.com\/sv\/wp-json\/wp\/v2\/product_tag?post=6097"}],"curies":[{"name":"wp","href":"https:\/\/api.w.org\/{rel}","templated":true}]}}