{"id":6096,"date":"2025-05-26T11:02:26","date_gmt":"2025-05-26T11:02:26","guid":{"rendered":"https:\/\/orthodoxblessings.com\/shop\/som-du-sar-sa-ska-du-skorda\/"},"modified":"2025-05-26T11:02:26","modified_gmt":"2025-05-26T11:02:26","slug":"som-du-sar-sa-ska-du-skorda","status":"publish","type":"product","link":"https:\/\/orthodoxblessings.com\/sv\/shop\/som-du-sar-sa-ska-du-skorda\/","title":{"rendered":"Som du s\u00e5r, s\u00e5 ska du sk\u00f6rda"},"content":{"rendered":"<p>&#8221;Som du s\u00e5r, s\u00e5 ska du sk\u00f6rda&#8221; \u00e4r en samling andliga l\u00e4ror och svar fr\u00e5n en ortodox pr\u00e4st p\u00e5 olika fr\u00e5gor om den korrekta f\u00f6rst\u00e5elsen av andligt liv.<\/p>\n","protected":false},"excerpt":{"rendered":"<p>&#8221;Som du s\u00e5r, s\u00e5 ska du sk\u00f6rda&#8221; \u00e4r en samling andliga l\u00e4ror och svar fr\u00e5n en ortodox pr\u00e4st p\u00e5 olika fr\u00e5gor om den korrekta f\u00f6rst\u00e5elsen av andligt liv.<\/p>\n","protected":false},"featured_media":4138,"template":"","meta":{"give_campaign_id":0},"product_brand":[],"product_cat":[564],"product_tag":[],"class_list":{"0":"post-6096","1":"product","2":"type-product","3":"status-publish","4":"has-post-thumbnail","6":"product_cat-andlig-litteratur-1","8":"first","9":"instock","10":"purchasable","11":"product-type-simple"},"_links":{"self":[{"href":"https:\/\/orthodoxblessings.com\/sv\/wp-json\/wp\/v2\/product\/6096","targetHints":{"allow":["GET"]}}],"collection":[{"href":"https:\/\/orthodoxblessings.com\/sv\/wp-json\/wp\/v2\/product"}],"about":[{"href":"https:\/\/orthodoxblessings.com\/sv\/wp-json\/wp\/v2\/types\/product"}],"wp:featuredmedia":[{"embeddable":true,"href":"https:\/\/orthodoxblessings.com\/sv\/wp-json\/wp\/v2\/media\/4138"}],"wp:attachment":[{"href":"https:\/\/orthodoxblessings.com\/sv\/wp-json\/wp\/v2\/media?parent=6096"}],"wp:term":[{"taxonomy":"product_brand","embeddable":true,"href":"https:\/\/orthodoxblessings.com\/sv\/wp-json\/wp\/v2\/product_brand?post=6096"},{"taxonomy":"product_cat","embeddable":true,"href":"https:\/\/orthodoxblessings.com\/sv\/wp-json\/wp\/v2\/product_cat?post=6096"},{"taxonomy":"product_tag","embeddable":true,"href":"https:\/\/orthodoxblessings.com\/sv\/wp-json\/wp\/v2\/product_tag?post=6096"}],"curies":[{"name":"wp","href":"https:\/\/api.w.org\/{rel}","templated":true}]}}