{"id":6095,"date":"2025-05-26T11:02:26","date_gmt":"2025-05-26T11:02:26","guid":{"rendered":"https:\/\/orthodoxblessings.com\/shop\/du-matar-dina-sjalar-med-detta\/"},"modified":"2025-05-26T11:02:26","modified_gmt":"2025-05-26T11:02:26","slug":"du-matar-dina-sjalar-med-detta","status":"publish","type":"product","link":"https:\/\/orthodoxblessings.com\/sv\/shop\/du-matar-dina-sjalar-med-detta\/","title":{"rendered":"Du matar dina sj\u00e4lar med detta"},"content":{"rendered":"<p>&#8221;Med denna mata dina sj\u00e4lar&#8221; \u00e4r en samling ortodoxa andliga texter avsedda f\u00f6r alla som s\u00f6ker inre frid och lugn. Med ikonen f\u00f6r Herren Jesus Kristus p\u00e5 omslaget inbjuder boken symboliskt l\u00e4saren att m\u00f6ta Kristus genom b\u00f6n, undervisning och andlig tr\u00f6st. <\/p>\n","protected":false},"excerpt":{"rendered":"<p>&#8221;Med denna mata dina sj\u00e4lar&#8221; \u00e4r en samling ortodoxa andliga texter avsedda f\u00f6r alla som s\u00f6ker inre frid och lugn. Med ikonen f\u00f6r Herren Jesus Kristus p\u00e5 omslaget inbjuder boken symboliskt l\u00e4saren att m\u00f6ta Kristus genom b\u00f6n, undervisning och andlig tr\u00f6st.<\/p>\n","protected":false},"featured_media":4136,"template":"","meta":{"give_campaign_id":0},"product_brand":[],"product_cat":[564],"product_tag":[],"class_list":{"0":"post-6095","1":"product","2":"type-product","3":"status-publish","4":"has-post-thumbnail","6":"product_cat-andlig-litteratur-1","8":"first","9":"instock","10":"purchasable","11":"product-type-simple"},"_links":{"self":[{"href":"https:\/\/orthodoxblessings.com\/sv\/wp-json\/wp\/v2\/product\/6095","targetHints":{"allow":["GET"]}}],"collection":[{"href":"https:\/\/orthodoxblessings.com\/sv\/wp-json\/wp\/v2\/product"}],"about":[{"href":"https:\/\/orthodoxblessings.com\/sv\/wp-json\/wp\/v2\/types\/product"}],"wp:featuredmedia":[{"embeddable":true,"href":"https:\/\/orthodoxblessings.com\/sv\/wp-json\/wp\/v2\/media\/4136"}],"wp:attachment":[{"href":"https:\/\/orthodoxblessings.com\/sv\/wp-json\/wp\/v2\/media?parent=6095"}],"wp:term":[{"taxonomy":"product_brand","embeddable":true,"href":"https:\/\/orthodoxblessings.com\/sv\/wp-json\/wp\/v2\/product_brand?post=6095"},{"taxonomy":"product_cat","embeddable":true,"href":"https:\/\/orthodoxblessings.com\/sv\/wp-json\/wp\/v2\/product_cat?post=6095"},{"taxonomy":"product_tag","embeddable":true,"href":"https:\/\/orthodoxblessings.com\/sv\/wp-json\/wp\/v2\/product_tag?post=6095"}],"curies":[{"name":"wp","href":"https:\/\/api.w.org\/{rel}","templated":true}]}}